{"id":1200,"date":"2024-10-24T16:46:29","date_gmt":"2024-10-24T14:46:29","guid":{"rendered":"https:\/\/workflown8n.com\/?post_type=product&#038;p=1200"},"modified":"2025-01-01T00:18:13","modified_gmt":"2024-12-31T23:18:13","slug":"feed-rss-para-o-telegram","status":"publish","type":"product","link":"https:\/\/workflown8n.com\/pt\/feed-rss-para-o-telegram\/","title":{"rendered":"RSS feed to Telegram"},"content":{"rendered":"<h3>N8N Workflow: Enviar automaticamente feeds RSS para o Telegram<\/h3>\n<p><strong>Simplifique a sua gest\u00e3o de conte\u00fados automatizando o envio de feeds RSS para o Telegram com o N8N.<\/strong> Este fluxo de trabalho pr\u00e1tico e eficiente permite-lhe distribuir instantaneamente as suas not\u00edcias, artigos ou actualiza\u00e7\u00f5es no Telegram sem qualquer esfor\u00e7o manual. Quer seja um criador de conte\u00fados, um marketeer ou um community manager, este fluxo de trabalho vai transformar a forma como gere e partilha os seus feeds de not\u00edcias.<\/p>\n<h3>Carater\u00edsticas principais<\/h3>\n<ul>\n<li><strong>Automatiza\u00e7\u00e3o em tempo real<\/strong> Sempre que um novo item \u00e9 adicionado ao seu feed RSS, ele \u00e9 automaticamente enviado para o seu canal ou grupo do Telegram.<\/li>\n<li><strong>F\u00e1cil integra\u00e7\u00e3o com o N8N<\/strong> Sem necessidade de compet\u00eancias t\u00e9cnicas avan\u00e7adas, a interface intuitiva do N8N permite-lhe configurar rapidamente este fluxo de trabalho.<\/li>\n<li><strong>Compatibilidade universal<\/strong> Este fluxo de trabalho funciona com todos os feeds RSS, permitindo-lhe gerir uma vasta gama de conte\u00fados.<\/li>\n<li><strong>Notifica\u00e7\u00f5es personaliz\u00e1veis<\/strong> Modificar as defini\u00e7\u00f5es para ajustar as informa\u00e7\u00f5es enviadas para o Telegram de acordo com as suas necessidades.<\/li>\n<\/ul>\n<h3>Como funciona<\/h3>\n<p>Este fluxo de trabalho foi concebido para ser f\u00e1cil de utilizar, mesmo para quem n\u00e3o tem experi\u00eancia pr\u00e9via em automatiza\u00e7\u00e3o. Aqui est\u00e3o os passos para o instalar:<\/p>\n<ol>\n<li><strong>Ligar o seu feed RSS \u00e0 N8N<\/strong> Utilize o n\u00f3 \"RSS Feed Read\" para obter as informa\u00e7\u00f5es mais recentes do seu feed.<\/li>\n<li><strong>Criar uma liga\u00e7\u00e3o com o seu bot do Telegram<\/strong> Liga o teu bot ao N8N usando o n\u00f3 do Telegram. Se ainda n\u00e3o tens um bot, podes facilmente criar um usando a API do Telegram.<\/li>\n<li><strong>Testar e ativar o fluxo de trabalho<\/strong> Uma vez ligado, teste o seu fluxo de trabalho para se certificar de que tudo est\u00e1 a funcionar corretamente e, em seguida, active-o para uma automatiza\u00e7\u00e3o total.<\/li>\n<\/ol>\n<h3>Vantagens da utiliza\u00e7\u00e3o do N8N para a automatiza\u00e7\u00e3o<\/h3>\n<p>O N8N \u00e9 uma ferramenta de c\u00f3digo aberto que se destaca de outras solu\u00e7\u00f5es de automatiza\u00e7\u00e3o como o Zapier devido \u00e0 sua flexibilidade e baixo custo. Eis porque \u00e9 que escolher o N8N para automatizar os seus feeds RSS para o Telegram \u00e9 uma excelente op\u00e7\u00e3o:<\/p>\n<ul>\n<li><strong>M\u00e1xima flexibilidade<\/strong> Gra\u00e7as \u00e0 sua interface visual, pode criar fluxos de trabalho complexos sem tocar no c\u00f3digo. Personalize cada etapa do processo para responder \u00e0s suas necessidades espec\u00edficas.<\/li>\n<li><strong>Poupan\u00e7a de custos<\/strong> Ao contr\u00e1rio das solu\u00e7\u00f5es pagas, o N8N \u00e9 de c\u00f3digo aberto, pelo que pode utiliz\u00e1-lo gratuitamente e poupar nos seus custos de automatiza\u00e7\u00e3o.<\/li>\n<li><strong>Compatibilidade alargada<\/strong> Para al\u00e9m do Telegram, o N8N suporta uma multiplicidade de aplica\u00e7\u00f5es e servi\u00e7os, pelo que pode integr\u00e1-lo com outras ferramentas que j\u00e1 utiliza.<\/li>\n<\/ul>\n<h3>Casos de utiliza\u00e7\u00e3o e cen\u00e1rios pr\u00e1ticos<\/h3>\n<p>Eis alguns exemplos de como este fluxo de trabalho pode fazer a diferen\u00e7a na sua gest\u00e3o de conte\u00fados:<\/p>\n<ul>\n<li><strong>Bloggers e criadores de conte\u00fados<\/strong> Automatize a distribui\u00e7\u00e3o dos seus novos artigos ou publica\u00e7\u00f5es diretamente no seu canal Telegram, aumentando a sua visibilidade.<\/li>\n<li><strong>Gestores comunit\u00e1rios<\/strong> Partilhe as \u00faltimas not\u00edcias ou an\u00fancios com os seus membros sem ter de os publicar manualmente.<\/li>\n<li><strong>Empresas<\/strong> Envie notifica\u00e7\u00f5es instant\u00e2neas aos seus clientes ou parceiros assim que estiverem dispon\u00edveis novas informa\u00e7\u00f5es sobre os seus produtos ou servi\u00e7os.<\/li>\n<\/ul>\n<h3>Dados t\u00e9cnicos<\/h3>\n<ul>\n<li><strong>Compatibilidade<\/strong> Este fluxo de trabalho \u00e9 compat\u00edvel com todas as vers\u00f5es do N8N e funciona em todas as plataformas suportadas pelo Telegram.<\/li>\n<li><strong>Pr\u00e9-requisitos<\/strong> Uma conta ativa do Telegram e um bot do Telegram configurado com um token v\u00e1lido.<\/li>\n<li><strong>Recursos<\/strong> Para obter mais detalhes sobre a configura\u00e7\u00e3o do bot do Telegram, <a href=\"https:\/\/docs.n8n.io\/integrations\/builtin\/app-nodes\/n8n-nodes-base.telegram\/\" target=\"_blank\" rel=\"nofollow noopener\">consultar a documenta\u00e7\u00e3o oficial do Telegram<\/a>.<\/li>\n<\/ul>","protected":false},"excerpt":{"rendered":"<p><span style=\"text-decoration: underline\">Fluxo de trabalho + instru\u00e7\u00f5es em PDF<\/span><\/p>","protected":false},"featured_media":1217,"comment_status":"open","ping_status":"closed","template":"","meta":{"_kad_post_transparent":"default","_kad_post_title":"","_kad_post_layout":"default","_kad_post_sidebar_id":"","_kad_post_content_style":"default","_kad_post_vertical_padding":"default","_kad_post_feature":"","_kad_post_feature_position":"","_kad_post_header":false,"_kad_post_footer":false,"_kad_post_classname":""},"product_brand":[],"product_cat":[24,25],"product_tag":[26,29,28,27],"class_list":{"0":"post-1200","1":"product","2":"type-product","3":"status-publish","4":"has-post-thumbnail","6":"product_cat-workflows-n8n-marketing","7":"product_cat-workflows-n8n-socials-network","8":"product_tag-flux-rss","9":"product_tag-marketing","10":"product_tag-reseaux-sociaux","11":"product_tag-telegram","13":"first","14":"instock","15":"downloadable","16":"virtual","17":"purchasable","18":"product-type-simple","19":"entry","20":"content-bg","21":"loop-entry"},"_links":{"self":[{"href":"https:\/\/workflown8n.com\/pt\/wp-json\/wp\/v2\/product\/1200","targetHints":{"allow":["GET"]}}],"collection":[{"href":"https:\/\/workflown8n.com\/pt\/wp-json\/wp\/v2\/product"}],"about":[{"href":"https:\/\/workflown8n.com\/pt\/wp-json\/wp\/v2\/types\/product"}],"replies":[{"embeddable":true,"href":"https:\/\/workflown8n.com\/pt\/wp-json\/wp\/v2\/comments?post=1200"}],"wp:featuredmedia":[{"embeddable":true,"href":"https:\/\/workflown8n.com\/pt\/wp-json\/wp\/v2\/media\/1217"}],"wp:attachment":[{"href":"https:\/\/workflown8n.com\/pt\/wp-json\/wp\/v2\/media?parent=1200"}],"wp:term":[{"taxonomy":"product_brand","embeddable":true,"href":"https:\/\/workflown8n.com\/pt\/wp-json\/wp\/v2\/product_brand?post=1200"},{"taxonomy":"product_cat","embeddable":true,"href":"https:\/\/workflown8n.com\/pt\/wp-json\/wp\/v2\/product_cat?post=1200"},{"taxonomy":"product_tag","embeddable":true,"href":"https:\/\/workflown8n.com\/pt\/wp-json\/wp\/v2\/product_tag?post=1200"}],"curies":[{"name":"wp","href":"https:\/\/api.w.org\/{rel}","templated":true}]}}