{"id":1275,"date":"2024-10-24T21:31:13","date_gmt":"2024-10-24T19:31:13","guid":{"rendered":"https:\/\/workflown8n.com\/?page_id=1275"},"modified":"2024-10-24T21:32:17","modified_gmt":"2024-10-24T19:32:17","slug":"faq-sobre-fluxos-de-trabalho-n8n","status":"publish","type":"page","link":"https:\/\/workflown8n.com\/pt\/faq-sobre-fluxos-de-trabalho-n8n\/","title":{"rendered":"FAQ sobre o N8N"},"content":{"rendered":"<p>Bem-vindo \u00e0 sec\u00e7\u00e3o de FAQ dedicada aos fluxos de trabalho N8N. Aqui encontrar\u00e1 respostas \u00e0s perguntas mais frequentes sobre a utiliza\u00e7\u00e3o do N8N e das suas funcionalidades.<\/p>\n\n\n\n<hr class=\"wp-block-separator has-alpha-channel-opacity\"\/>\n\n\n\n<h3 class=\"wp-block-heading\">1. <strong>O que \u00e9 o N8N?<\/strong><\/h3>\n\n\n\n<p><strong>Resposta:<\/strong> O N8N \u00e9 uma ferramenta de automatiza\u00e7\u00e3o de fluxos de trabalho de c\u00f3digo aberto que liga diferentes aplica\u00e7\u00f5es e APIs para automatizar tarefas repetitivas. Oferece uma interface visual para a cria\u00e7\u00e3o de fluxos de trabalho complexos sem necessidade de conhecimentos de programa\u00e7\u00e3o.<\/p>\n\n\n\n<hr class=\"wp-block-separator has-alpha-channel-opacity\"\/>\n\n\n\n<h3 class=\"wp-block-heading\">2. <strong>Como \u00e9 que instalo o N8N?<\/strong><\/h3>\n\n\n\n<p><strong>Resposta:<\/strong> Existem v\u00e1rias formas de instalar o N8N:<\/p>\n\n\n\n<ul class=\"wp-block-list\">\n<li><strong>Docker<\/strong> Use a imagem oficial do Docker para uma instala\u00e7\u00e3o r\u00e1pida.<\/li>\n\n\n\n<li><strong>npm<\/strong> Instale via npm com o comando <code>npm install n8n -g<\/code>.<\/li>\n\n\n\n<li><strong>Nuvem<\/strong> Escolha a N8N Cloud para uma solu\u00e7\u00e3o alojada sem gest\u00e3o de servidor.<\/li>\n<\/ul>\n\n\n\n<p>Est\u00e3o dispon\u00edveis instru\u00e7\u00f5es pormenorizadas no s\u00edtio Web <a href=\"https:\/\/n8n.io\" target=\"_blank\" rel=\"noopener\">S\u00edtio Web oficial do N8N<\/a>.<\/p>\n\n\n\n<hr class=\"wp-block-separator has-alpha-channel-opacity\"\/>\n\n\n\n<h3 class=\"wp-block-heading\">3. <strong>Que tipos de fluxos de trabalho posso criar com a N8N?<\/strong><\/h3>\n\n\n\n<p><strong>Resposta:<\/strong> O N8N permite-lhe criar uma variedade de fluxos de trabalho, tais como :<\/p>\n\n\n\n<ul class=\"wp-block-list\">\n<li>Automatiza\u00e7\u00e3o de correio eletr\u00f3nico<\/li>\n\n\n\n<li>Integra\u00e7\u00e3o de dados entre CRM e ERP<\/li>\n\n\n\n<li>Gest\u00e3o de redes sociais<\/li>\n\n\n\n<li>Monitoriza\u00e7\u00e3o e notifica\u00e7\u00f5es<\/li>\n\n\n\n<li>Processamento e transforma\u00e7\u00e3o de dados<\/li>\n<\/ul>\n\n\n\n<p>Gra\u00e7as \u00e0 sua flexibilidade, as possibilidades s\u00e3o praticamente ilimitadas.<\/p>\n\n\n\n<hr class=\"wp-block-separator has-alpha-channel-opacity\"\/>\n\n\n\n<h3 class=\"wp-block-heading\">4. <strong>O N8N \u00e9 gratuito?<\/strong><\/h3>\n\n\n\n<p><strong>Resposta:<\/strong> Sim, o N8N \u00e9 de c\u00f3digo aberto e de utiliza\u00e7\u00e3o gratuita ao abrigo da <a>Licen\u00e7a de Utiliza\u00e7\u00e3o Sustent\u00e1vel<\/a>. No entanto, est\u00e3o dispon\u00edveis op\u00e7\u00f5es de pagamento conforme o uso para recursos avan\u00e7ados e suporte via N8N Cloud.<\/p>\n\n\n\n<hr class=\"wp-block-separator has-alpha-channel-opacity\"\/>\n\n\n\n<h3 class=\"wp-block-heading\">5. <strong>Como posso proteger os meus fluxos de trabalho na N8N?<\/strong><\/h3>\n\n\n\n<p><strong>Resposta:<\/strong> Para proteger os seus fluxos de trabalho :<\/p>\n\n\n\n<ul class=\"wp-block-list\">\n<li>Ativar a autentica\u00e7\u00e3o do utilizador.<\/li>\n\n\n\n<li>Utilizar liga\u00e7\u00f5es SSL para encriptar os dados em tr\u00e2nsito.<\/li>\n\n\n\n<li>Armazenar informa\u00e7\u00f5es sens\u00edveis em vari\u00e1veis de ambiente.<\/li>\n\n\n\n<li>Actualize regularmente o N8N para beneficiar dos \u00faltimos patches de seguran\u00e7a.<\/li>\n<\/ul>\n\n\n\n<hr class=\"wp-block-separator has-alpha-channel-opacity\"\/>\n\n\n\n<h3 class=\"wp-block-heading\">6. <strong>Como \u00e9 que crio um novo fluxo de trabalho?<\/strong><\/h3>\n\n\n\n<p><strong>Resposta:<\/strong> Depois de lan\u00e7ar o N8N :<\/p>\n\n\n\n<ol class=\"wp-block-list\">\n<li>Clique em <strong>\"Novo fluxo de trabalho<\/strong>.<\/li>\n\n\n\n<li>Arraste e largue os n\u00f3s do painel esquerdo.<\/li>\n\n\n\n<li>Ligue os n\u00f3s para definir o fluxo de dados.<\/li>\n\n\n\n<li>Configurar cada n\u00f3 com os par\u00e2metros necess\u00e1rios.<\/li>\n\n\n\n<li>Guardar e ativar o fluxo de trabalho.<\/li>\n<\/ol>\n\n\n\n<hr class=\"wp-block-separator has-alpha-channel-opacity\"\/>\n\n\n\n<h3 class=\"wp-block-heading\">7. <strong>Posso integrar o N8N com as aplica\u00e7\u00f5es mais populares?<\/strong><\/h3>\n\n\n\n<p><strong>Resposta:<\/strong> A N8N oferece mais de 200 integra\u00e7\u00f5es nativas. Se a sua aplica\u00e7\u00e3o n\u00e3o constar da lista, pode utilizar o <strong>Pedido HTTP<\/strong> ou <strong>Webhook<\/strong> para interagir com qualquer API RESTful.<\/p>\n\n\n\n<hr class=\"wp-block-separator has-alpha-channel-opacity\"\/>\n\n\n\n<h3 class=\"wp-block-heading\">8. <strong>Qual \u00e9 a diferen\u00e7a entre o N8N e outras ferramentas como o Zapier?<\/strong><\/h3>\n\n\n\n<p><strong>Resposta:<\/strong><\/p>\n\n\n\n<ul class=\"wp-block-list\">\n<li><strong>C\u00f3digo aberto<\/strong> O N8N \u00e9 gratuito e pode ser modificado.<\/li>\n\n\n\n<li><strong>Auto-alimenta\u00e7\u00e3o<\/strong> Controlar onde e como os seus dados s\u00e3o armazenados.<\/li>\n\n\n\n<li><strong>Flexibilidade<\/strong> Crie fluxos de trabalho complexos com l\u00f3gica condicional.<\/li>\n\n\n\n<li><strong>Personaliza\u00e7\u00e3o<\/strong> Adicione os seus pr\u00f3prios n\u00f3s e integra\u00e7\u00f5es.<\/li>\n<\/ul>\n\n\n\n<hr class=\"wp-block-separator has-alpha-channel-opacity\"\/>\n\n\n\n<h3 class=\"wp-block-heading\">9. <strong>Como \u00e9 que se depura um fluxo de trabalho que n\u00e3o funciona?<\/strong><\/h3>\n\n\n\n<p><strong>Resposta:<\/strong><\/p>\n\n\n\n<ul class=\"wp-block-list\">\n<li>Utilizar o <strong>\"Executar em modo passo a passo<\/strong> para testar cada n\u00f3.<\/li>\n\n\n\n<li>Verificar as mensagens de erro apresentadas nos n\u00f3s problem\u00e1ticos.<\/li>\n\n\n\n<li>Verifique os registos na consola ou os ficheiros de registo se for auto-hospedado.<\/li>\n<\/ul>\n\n\n\n<hr class=\"wp-block-separator has-alpha-channel-opacity\"\/>\n\n\n\n<h3 class=\"wp-block-heading\">10. <strong>O N8N suporta accionadores em tempo real?<\/strong><\/h3>\n\n\n\n<p><strong>Resposta:<\/strong> Sim, o N8N suporta accionamentos em tempo real atrav\u00e9s de n\u00f3s <strong>Webhook<\/strong>, <strong>AMQP<\/strong>, <strong>MQTT<\/strong>e outros. Isto permite que os seus fluxos de trabalho reajam imediatamente aos eventos.<\/p>\n\n\n\n<hr class=\"wp-block-separator has-alpha-channel-opacity\"\/>\n\n\n\n<h3 class=\"wp-block-heading\">11. <strong>Como posso atualizar o N8N para a vers\u00e3o mais recente?<\/strong><\/h3>\n\n\n\n<p><strong>Resposta:<\/strong><\/p>\n\n\n\n<ul class=\"wp-block-list\">\n<li><strong>Docker<\/strong> Fotografar a \u00faltima imagem com <code>docker pull n8nio\/n8n<\/code>.<\/li>\n\n\n\n<li><strong>npm<\/strong> Atualizar com <code>npm update n8n -g<\/code>.<\/li>\n\n\n\n<li><strong>Nuvem<\/strong> As actualiza\u00e7\u00f5es s\u00e3o geridas automaticamente.<\/li>\n<\/ul>\n\n\n\n<p>Certifique-se de que faz c\u00f3pias de seguran\u00e7a dos seus fluxos de trabalho antes de os atualizar.<\/p>\n\n\n\n<hr class=\"wp-block-separator has-alpha-channel-opacity\"\/>\n\n\n\n<h3 class=\"wp-block-heading\">12. <strong>Onde \u00e9 que posso obter mais ajuda?<\/strong><\/h3>\n\n\n\n<p><strong>Resposta:<\/strong><\/p>\n\n\n\n<ul class=\"wp-block-list\">\n<li><strong>Documenta\u00e7\u00e3o oficial<\/strong> : <a>docs.n8n.io<\/a><\/li>\n\n\n\n<li><strong>Comunidade<\/strong> Participa\u00e7\u00e3o em debates sobre <a>f\u00f3rum comunit\u00e1rio<\/a><\/li>\n\n\n\n<li><strong>GitHub<\/strong> Consultar o c\u00f3digo-fonte ou comunicar problemas em <a href=\"https:\/\/github.com\/n8n-io\/n8n\" target=\"_blank\" rel=\"noopener\">GitHub<\/a><\/li>\n<\/ul>","protected":false},"excerpt":{"rendered":"<p>Bem-vindo \u00e0s FAQ dedicadas aos fluxos de trabalho N8N. Aqui encontrar\u00e1 respostas \u00e0s perguntas mais frequentes sobre a utiliza\u00e7\u00e3o e as funcionalidades do N8N. 1. O que \u00e9 a N8N? Resposta: O N8N \u00e9 uma ferramenta de automatiza\u00e7\u00e3o de fluxos de trabalho de c\u00f3digo aberto que liga diferentes aplica\u00e7\u00f5es e APIs para automatizar tarefas repetitivas. \u00c9...<\/p>","protected":false},"author":2,"featured_media":0,"parent":0,"menu_order":0,"comment_status":"closed","ping_status":"closed","template":"","meta":{"_kad_post_transparent":"","_kad_post_title":"","_kad_post_layout":"","_kad_post_sidebar_id":"","_kad_post_content_style":"","_kad_post_vertical_padding":"","_kad_post_feature":"","_kad_post_feature_position":"","_kad_post_header":false,"_kad_post_footer":false,"_kad_post_classname":"","footnotes":""},"class_list":["post-1275","page","type-page","status-publish","hentry"],"_links":{"self":[{"href":"https:\/\/workflown8n.com\/pt\/wp-json\/wp\/v2\/pages\/1275","targetHints":{"allow":["GET"]}}],"collection":[{"href":"https:\/\/workflown8n.com\/pt\/wp-json\/wp\/v2\/pages"}],"about":[{"href":"https:\/\/workflown8n.com\/pt\/wp-json\/wp\/v2\/types\/page"}],"author":[{"embeddable":true,"href":"https:\/\/workflown8n.com\/pt\/wp-json\/wp\/v2\/users\/2"}],"replies":[{"embeddable":true,"href":"https:\/\/workflown8n.com\/pt\/wp-json\/wp\/v2\/comments?post=1275"}],"version-history":[{"count":2,"href":"https:\/\/workflown8n.com\/pt\/wp-json\/wp\/v2\/pages\/1275\/revisions"}],"predecessor-version":[{"id":1277,"href":"https:\/\/workflown8n.com\/pt\/wp-json\/wp\/v2\/pages\/1275\/revisions\/1277"}],"wp:attachment":[{"href":"https:\/\/workflown8n.com\/pt\/wp-json\/wp\/v2\/media?parent=1275"}],"curies":[{"name":"wp","href":"https:\/\/api.w.org\/{rel}","templated":true}]}}