{"id":1273,"date":"2024-10-24T21:27:51","date_gmt":"2024-10-24T19:27:51","guid":{"rendered":"https:\/\/workflown8n.com\/?page_id=1273"},"modified":"2024-10-24T21:27:55","modified_gmt":"2024-10-24T19:27:55","slug":"acessibilidade","status":"publish","type":"page","link":"https:\/\/workflown8n.com\/pt\/acessibilidade\/","title":{"rendered":"Acessibilidade"},"content":{"rendered":"<p>Em <strong>WorkFlows N8N<\/strong>Estamos empenhados em tornar o nosso s\u00edtio acess\u00edvel a todos os utilizadores, independentemente das suas capacidades ou condi\u00e7\u00f5es f\u00edsicas. Envidamos todos os esfor\u00e7os para garantir que todos os visitantes possam navegar facilmente no nosso s\u00edtio e aceder aos nossos produtos e servi\u00e7os sem qualquer obst\u00e1culo.<\/p>\n\n\n\n<h3 class=\"wp-block-heading\">Os nossos compromissos em mat\u00e9ria de acessibilidade<\/h3>\n\n\n\n<ul class=\"wp-block-list\">\n<li><strong>Compatibilidade com leitores de ecr\u00e3<\/strong> : Garantimos que o nosso s\u00edtio \u00e9 totalmente compat\u00edvel com tecnologias de assist\u00eancia, como leitores de ecr\u00e3, para utilizadores com defici\u00eancia visual ou cegos.<\/li>\n\n\n\n<li><strong>Navega\u00e7\u00e3o simplificada<\/strong> Cri\u00e1mos um sistema de navega\u00e7\u00e3o claro e intuitivo para que os utilizadores possam encontrar rapidamente a informa\u00e7\u00e3o ou o produto que procuram.<\/li>\n\n\n\n<li><strong>Acessibilidade atrav\u00e9s do teclado<\/strong> Todos os elementos interactivos do s\u00edtio (bot\u00f5es, formul\u00e1rios, menus) podem ser acedidos atrav\u00e9s do teclado, sem necessidade de rato.<\/li>\n\n\n\n<li><strong>Contraste de cores<\/strong> As cores utilizadas no nosso s\u00edtio s\u00e3o escolhidas de forma a garantir uma leitura f\u00e1cil do texto, nomeadamente para as pessoas com problemas de vis\u00e3o ou daltonismo.<\/li>\n\n\n\n<li><strong>Texto alternativo para imagens<\/strong> Todas as imagens importantes do nosso s\u00edtio s\u00e3o acompanhadas de um texto alternativo (alt text) que descreve o seu conte\u00fado, para que a informa\u00e7\u00e3o visual seja acess\u00edvel a todos.<\/li>\n<\/ul>\n\n\n\n<h3 class=\"wp-block-heading\">Melhorias em curso<\/h3>\n\n\n\n<p>Trabalhamos continuamente para melhorar a acessibilidade do nosso s\u00edtio, tendo em conta as reac\u00e7\u00f5es dos nossos utilizadores e as altera\u00e7\u00f5es das normas de acessibilidade. Seguimos as recomenda\u00e7\u00f5es do <strong>Reposit\u00f3rio Geral para a Melhoria da Acessibilidade (RGAA)<\/strong> e normas internacionais <strong>WCAG 2.1 (Diretrizes de acessibilidade do conte\u00fado da Web)<\/strong>.<\/p>\n\n\n\n<h3 class=\"wp-block-heading\">Ferramentas de ajuda<\/h3>\n\n\n\n<p>Eis algumas ferramentas de assist\u00eancia que o podem ajudar a navegar no nosso s\u00edtio:<\/p>\n\n\n\n<ul class=\"wp-block-list\">\n<li><strong>Software de leitura de ecr\u00e3<\/strong> Se for deficiente visual, pode utilizar software de leitura de ecr\u00e3, como o NVDA ou o JAWS, para o ajudar a navegar no nosso s\u00edtio.<\/li>\n\n\n\n<li><strong>Ajustar os tipos de letra e o zoom<\/strong> Pode ajustar o tamanho do texto utilizando as fun\u00e7\u00f5es de zoom incorporadas no seu browser para facilitar a leitura.<\/li>\n\n\n\n<li><strong>Navega\u00e7\u00e3o por teclado<\/strong> Utilizar o <code>Separador<\/code> para navegar nas v\u00e1rias liga\u00e7\u00f5es e bot\u00f5es do nosso s\u00edtio, depois <code>Entrar<\/code> para os ativar.<\/li>\n<\/ul>","protected":false},"excerpt":{"rendered":"<p>Na WorkFlows N8N, estamos empenhados em tornar o nosso s\u00edtio acess\u00edvel a todos os utilizadores, independentemente das suas capacidades ou condi\u00e7\u00f5es f\u00edsicas. Fazemos tudo o que est\u00e1 ao nosso alcance para garantir que todos os visitantes possam navegar facilmente no nosso s\u00edtio e aceder aos nossos produtos e servi\u00e7os sem quaisquer obst\u00e1culos. Os nossos compromissos em mat\u00e9ria de acessibilidade Melhorias cont\u00ednuas...<\/p>","protected":false},"author":2,"featured_media":0,"parent":0,"menu_order":0,"comment_status":"closed","ping_status":"closed","template":"","meta":{"_kad_post_transparent":"","_kad_post_title":"","_kad_post_layout":"","_kad_post_sidebar_id":"","_kad_post_content_style":"","_kad_post_vertical_padding":"","_kad_post_feature":"","_kad_post_feature_position":"","_kad_post_header":false,"_kad_post_footer":false,"_kad_post_classname":"","footnotes":""},"class_list":["post-1273","page","type-page","status-publish","hentry"],"_links":{"self":[{"href":"https:\/\/workflown8n.com\/pt\/wp-json\/wp\/v2\/pages\/1273","targetHints":{"allow":["GET"]}}],"collection":[{"href":"https:\/\/workflown8n.com\/pt\/wp-json\/wp\/v2\/pages"}],"about":[{"href":"https:\/\/workflown8n.com\/pt\/wp-json\/wp\/v2\/types\/page"}],"author":[{"embeddable":true,"href":"https:\/\/workflown8n.com\/pt\/wp-json\/wp\/v2\/users\/2"}],"replies":[{"embeddable":true,"href":"https:\/\/workflown8n.com\/pt\/wp-json\/wp\/v2\/comments?post=1273"}],"version-history":[{"count":1,"href":"https:\/\/workflown8n.com\/pt\/wp-json\/wp\/v2\/pages\/1273\/revisions"}],"predecessor-version":[{"id":1274,"href":"https:\/\/workflown8n.com\/pt\/wp-json\/wp\/v2\/pages\/1273\/revisions\/1274"}],"wp:attachment":[{"href":"https:\/\/workflown8n.com\/pt\/wp-json\/wp\/v2\/media?parent=1273"}],"curies":[{"name":"wp","href":"https:\/\/api.w.org\/{rel}","templated":true}]}}