{"id":1265,"date":"2024-10-24T21:03:48","date_gmt":"2024-10-24T19:03:48","guid":{"rendered":"https:\/\/workflown8n.com\/?page_id=1265"},"modified":"2024-10-24T21:03:52","modified_gmt":"2024-10-24T19:03:52","slug":"perguntas-frequentes-faq","status":"publish","type":"page","link":"https:\/\/workflown8n.com\/pt\/perguntas-frequentes-faq\/","title":{"rendered":"Perguntas frequentes (FAQ)"},"content":{"rendered":"<h3 class=\"wp-block-heading\">1. O que \u00e9 um fluxo de trabalho N8N?<\/h3>\n\n\n\n<p>Um workflow N8N \u00e9 um conjunto de automatiza\u00e7\u00f5es concebidas para realizar automaticamente tarefas espec\u00edficas, ligando v\u00e1rias aplica\u00e7\u00f5es. Isto simplifica e acelera os processos, quer se trate de gest\u00e3o de projectos, marketing ou an\u00e1lise de dados. Os nossos workflows est\u00e3o prontos a utilizar e s\u00e3o f\u00e1ceis de personalizar de acordo com as suas necessidades.<\/p>\n\n\n\n<h3 class=\"wp-block-heading\">2. Como \u00e9 que posso comprar um fluxo de trabalho no WorkFlows N8N?<\/h3>\n\n\n\n<p>\u00c9 muito f\u00e1cil! Basta navegar no nosso cat\u00e1logo, selecionar o fluxo de trabalho que lhe interessa e concluir a compra utilizando um dos nossos m\u00e9todos de pagamento dispon\u00edveis (cart\u00e3o de cr\u00e9dito, PayPal). Ap\u00f3s a confirma\u00e7\u00e3o do pagamento, receber\u00e1 um link para descarregar o fluxo de trabalho.<\/p>\n\n\n\n<h3 class=\"wp-block-heading\">3. Como posso descarregar o meu fluxo de trabalho ap\u00f3s a compra?<\/h3>\n\n\n\n<p>Depois de ter finalizado a sua encomenda e confirmado o pagamento, ser-lhe-\u00e1 enviada uma mensagem de correio eletr\u00f3nico com uma liga\u00e7\u00e3o para descarregar. Esta liga\u00e7\u00e3o \u00e9 <strong>ilimitado no tempo<\/strong> e permite-lhe descarregar o seu fluxo de trabalho as vezes que quiser.<\/p>\n\n\n\n<h3 class=\"wp-block-heading\">4. Posso obter assist\u00eancia depois de comprar um fluxo de trabalho?<\/h3>\n\n\n\n<p>Os nossos fluxos de trabalho s\u00e3o vendidos sem apoio t\u00e9cnico. No entanto, actualizamos os nossos fluxos de trabalho em determinadas condi\u00e7\u00f5es, para garantir o seu bom funcionamento a longo prazo. Se tiver alguma d\u00favida antes de comprar, n\u00e3o hesite em contactar-nos.<\/p>\n\n\n\n<h3 class=\"wp-block-heading\">5. Quais s\u00e3o as condi\u00e7\u00f5es para atualizar os fluxos de trabalho?<\/h3>\n\n\n\n<p>As actualiza\u00e7\u00f5es s\u00e3o oferecidas para garantir a compatibilidade dos fluxos de trabalho com novas vers\u00f5es do N8N ou para integrar melhorias funcionais. Se estiver dispon\u00edvel uma atualiza\u00e7\u00e3o para um fluxo de trabalho que tenha adquirido, ser\u00e1 informado por correio eletr\u00f3nico e poder\u00e1 aceder \u00e0 vers\u00e3o actualizada atrav\u00e9s da mesma liga\u00e7\u00e3o de transfer\u00eancia.<\/p>\n\n\n\n<h3 class=\"wp-block-heading\">6. Quanto custam os fluxos de trabalho N8N no vosso s\u00edtio?<\/h3>\n\n\n\n<p>Todos os nossos fluxos de trabalho s\u00e3o apresentados <strong>INCL. IVA<\/strong> (todos os impostos inclu\u00eddos), e os pre\u00e7os variam consoante a complexidade do fluxo de trabalho. Consulte a p\u00e1gina do produto para obter o pre\u00e7o exato de cada fluxo de trabalho. Sem surpresas, os nossos pre\u00e7os s\u00e3o transparentes e incluem todos os impostos aplic\u00e1veis.<\/p>\n\n\n\n<h3 class=\"wp-block-heading\">7. Posso utilizar fluxos de trabalho para v\u00e1rios projectos ou clientes?<\/h3>\n\n\n\n<p>Os nossos fluxos de trabalho s\u00e3o fornecidos com uma licen\u00e7a <strong>estritamente pessoal<\/strong>Isto significa que s\u00f3 podem ser utilizados pelo comprador. Qualquer redistribui\u00e7\u00e3o, revenda ou partilha \u00e9 estritamente proibida. Se necessitar de utilizar os nossos fluxos de trabalho para v\u00e1rios projectos ou clientes, contacte-nos para obter condi\u00e7\u00f5es espec\u00edficas.<\/p>\n\n\n\n<h3 class=\"wp-block-heading\">8. Tenho direito de retrata\u00e7\u00e3o?<\/h3>\n\n\n\n<p>Devido \u00e0 natureza desmaterializada dos nossos produtos (conte\u00fados digitais), em conformidade com o artigo L221-28 do C\u00f3digo do Consumo, o comprador renuncia expressamente ao seu direito de retrata\u00e7\u00e3o ap\u00f3s a valida\u00e7\u00e3o da encomenda e a ativa\u00e7\u00e3o da liga\u00e7\u00e3o de transfer\u00eancia.<\/p>\n\n\n\n<h3 class=\"wp-block-heading\">9. Como \u00e9 que os meus dados pessoais s\u00e3o tratados?<\/h3>\n\n\n\n<p>Os seus dados pessoais s\u00e3o utilizados apenas para processar a sua encomenda (pagamento, entrega da liga\u00e7\u00e3o de transfer\u00eancia). Conservamos os seus dados apenas durante o tempo necess\u00e1rio para processar a sua encomenda e podem ser apagados a qualquer momento, mediante pedido, contactando-nos atrav\u00e9s de <strong><a>web@workflown8n.com<\/a><\/strong>.<\/p>\n\n\n\n<h3 class=\"wp-block-heading\">10. O que devo fazer se tiver um problema com um fluxo de trabalho descarregado?<\/h3>\n\n\n\n<p>Se encontrar um problema t\u00e9cnico com um fluxo de trabalho depois de o ter descarregado, verifique primeiro se est\u00e1 a utilizar a vers\u00e3o mais recente da N8N. Se o problema persistir, pode contactar-nos para comunicar o incidente. Embora n\u00e3o ofere\u00e7amos apoio, mant\u00ea-lo-emos informado se estiver dispon\u00edvel uma atualiza\u00e7\u00e3o para corrigir o problema.<\/p>","protected":false},"excerpt":{"rendered":"<p>1. O que \u00e9 um fluxo de trabalho N8N? Um fluxo de trabalho N8N \u00e9 um conjunto de automatiza\u00e7\u00f5es concebidas para realizar automaticamente tarefas espec\u00edficas, ligando v\u00e1rias aplica\u00e7\u00f5es. Isto simplifica e acelera os processos, quer se trate de gest\u00e3o de projectos, marketing ou an\u00e1lise de dados. Os nossos fluxos de trabalho est\u00e3o prontos para...<\/p>","protected":false},"author":2,"featured_media":0,"parent":0,"menu_order":0,"comment_status":"closed","ping_status":"closed","template":"","meta":{"_kad_post_transparent":"","_kad_post_title":"","_kad_post_layout":"","_kad_post_sidebar_id":"","_kad_post_content_style":"","_kad_post_vertical_padding":"","_kad_post_feature":"","_kad_post_feature_position":"","_kad_post_header":false,"_kad_post_footer":false,"_kad_post_classname":"","footnotes":""},"class_list":["post-1265","page","type-page","status-publish","hentry"],"_links":{"self":[{"href":"https:\/\/workflown8n.com\/pt\/wp-json\/wp\/v2\/pages\/1265","targetHints":{"allow":["GET"]}}],"collection":[{"href":"https:\/\/workflown8n.com\/pt\/wp-json\/wp\/v2\/pages"}],"about":[{"href":"https:\/\/workflown8n.com\/pt\/wp-json\/wp\/v2\/types\/page"}],"author":[{"embeddable":true,"href":"https:\/\/workflown8n.com\/pt\/wp-json\/wp\/v2\/users\/2"}],"replies":[{"embeddable":true,"href":"https:\/\/workflown8n.com\/pt\/wp-json\/wp\/v2\/comments?post=1265"}],"version-history":[{"count":1,"href":"https:\/\/workflown8n.com\/pt\/wp-json\/wp\/v2\/pages\/1265\/revisions"}],"predecessor-version":[{"id":1266,"href":"https:\/\/workflown8n.com\/pt\/wp-json\/wp\/v2\/pages\/1265\/revisions\/1266"}],"wp:attachment":[{"href":"https:\/\/workflown8n.com\/pt\/wp-json\/wp\/v2\/media?parent=1265"}],"curies":[{"name":"wp","href":"https:\/\/api.w.org\/{rel}","templated":true}]}}