{"id":1223,"date":"2024-10-24T19:11:15","date_gmt":"2024-10-24T17:11:15","guid":{"rendered":"https:\/\/workflown8n.com\/?page_id=1223"},"modified":"2024-10-24T19:11:19","modified_gmt":"2024-10-24T17:11:19","slug":"informacao-juridica","status":"publish","type":"page","link":"https:\/\/workflown8n.com\/pt\/informacao-juridica\/","title":{"rendered":"Informa\u00e7\u00e3o jur\u00eddica"},"content":{"rendered":"<p><strong>Em conformidade com o disposto nos artigos 6-III e 19 da Lei n.\u00ba 2004-575, de 21 de junho de 2004, relativa \u00e0 confian\u00e7a na economia digital (LCEN), os utilizadores do s\u00edtio s\u00e3o informados de que <a href=\"https:\/\/workflown8n.com\/pt\/\">www.workflown8n.com<\/a> este aviso legal.<\/strong><\/p>\n\n\n\n<p><strong>1. Informa\u00e7\u00f5es jur\u00eddicas<\/strong><\/p>\n\n\n\n<p><strong>Nome da empresa<\/strong> : WorkFlows N8N<br><strong>Sede social<\/strong> 6 chemin Salvayre, 31140 Aucamville, Fran\u00e7a<br><strong>Pessoa respons\u00e1vel pela publica\u00e7\u00e3o<\/strong> Jean-Fran\u00e7ois DUPIN<br><strong>Endere\u00e7o eletr\u00f3nico<\/strong> : <a>web@workflown8n.com<\/a><br><strong>Telefone<\/strong> : 06 44 28 65 22<\/p>\n\n\n\n<p><strong>2. Alojamento<\/strong><\/p>\n\n\n\n<p>O s\u00edtio Web <a href=\"https:\/\/workflown8n.com\/pt\/\">www.workflown8n.com<\/a> \u00e9 hospedado por :<br><strong>O2Switch<\/strong><br>Empresa O2Switch<br>222-224 Boulevard Gustave Flaubert, 63000 Clermont-Ferrand, Fran\u00e7a<br>Tel.: 04 44 44 60 40<br>S\u00edtio Web : <a href=\"http:\/\/www.o2switch.fr\" target=\"_blank\" rel=\"noopener\">www.o2switch.fr<\/a><\/p>\n\n\n\n<p><strong>3. Direitos de propriedade intelectual<\/strong><\/p>\n\n\n\n<p>Todo o conte\u00fado do s\u00edtio <a href=\"https:\/\/workflown8n.com\/pt\/\">www.workflown8n.com<\/a> (texto, imagens, gr\u00e1ficos, log\u00f3tipos, v\u00eddeos, etc.) \u00e9 propriedade exclusiva da WorkFlows N8N ou dos seus parceiros. Qualquer reprodu\u00e7\u00e3o, representa\u00e7\u00e3o, modifica\u00e7\u00e3o, publica\u00e7\u00e3o, adapta\u00e7\u00e3o, total ou parcial, dos elementos do s\u00edtio, seja qual for o meio ou o processo utilizado, \u00e9 proibida sem a autoriza\u00e7\u00e3o pr\u00e9via por escrito da WorkFlows N8N.<\/p>\n\n\n\n<p><strong>4. Prote\u00e7\u00e3o dos dados pessoais<\/strong><\/p>\n\n\n\n<p>A WorkFlows N8N atribui grande import\u00e2ncia \u00e0 prote\u00e7\u00e3o dos dados pessoais dos utilizadores do seu s\u00edtio. Dados recolhidos atrav\u00e9s do s\u00edtio <a href=\"https:\/\/workflown8n.com\/pt\/\">www.workflown8n.com<\/a> s\u00e3o utilizados apenas para processar encomendas. De acordo com o RGPD (Regulamento Geral de Prote\u00e7\u00e3o de Dados), os utilizadores t\u00eam o direito de aceder, retificar, apagar e opor-se aos seus dados pessoais. Qualquer pedido relativo a estes direitos pode ser enviado por correio eletr\u00f3nico para <strong><a>web@workflown8n.com<\/a><\/strong>.<\/p>\n\n\n\n<p><strong>5. Biscoitos<\/strong><\/p>\n\n\n\n<p>O s\u00edtio Web <a href=\"https:\/\/workflown8n.com\/pt\/\">www.workflown8n.com<\/a> pode utilizar cookies para melhorar a experi\u00eancia do utilizador e recolher dados estat\u00edsticos. Os utilizadores s\u00e3o informados de que podem desativar os cookies a qualquer momento nas defini\u00e7\u00f5es do seu navegador.<\/p>\n\n\n\n<p><strong>6. Limita\u00e7\u00e3o da responsabilidade<\/strong><\/p>\n\n\n\n<p>WorkFlows N8N esfor\u00e7a-se por fornecer no s\u00edtio <a href=\"https:\/\/workflown8n.com\/pt\/\">www.workflown8n.com<\/a> informa\u00e7\u00f5es t\u00e3o exactas quanto poss\u00edvel. No entanto, a WorkFlows N8N n\u00e3o pode ser responsabilizada por quaisquer omiss\u00f5es, imprecis\u00f5es ou falhas na atualiza\u00e7\u00e3o das informa\u00e7\u00f5es, quer sejam causadas pela WorkFlows N8N ou por parceiros terceiros que forne\u00e7am as informa\u00e7\u00f5es.<br>Utilizadores do s\u00edtio <a href=\"https:\/\/workflown8n.com\/pt\/\">www.workflown8n.com<\/a> comprometer-se a aceder ao s\u00edtio utilizando equipamento recente, isento de v\u00edrus e com a \u00faltima gera\u00e7\u00e3o de programas de navega\u00e7\u00e3o actualizados.<\/p>\n\n\n\n<p><strong>7. Direito aplic\u00e1vel e jurisdi\u00e7\u00e3o<\/strong><\/p>\n\n\n\n<p>O presente aviso legal \u00e9 regido pelo direito franc\u00eas. Em caso de lit\u00edgio e na aus\u00eancia de resolu\u00e7\u00e3o amig\u00e1vel, o tribunal competente ser\u00e1 o de <strong>Toulouse<\/strong>.<\/p>\n\n\n\n<hr class=\"wp-block-separator has-alpha-channel-opacity\"\/>\n\n\n\n<p>Estes avisos legais cobrem a maior parte das obriga\u00e7\u00f5es legais em Fran\u00e7a.<\/p>","protected":false},"excerpt":{"rendered":"<p>Em conformidade com as disposi\u00e7\u00f5es dos artigos 6-III e 19 da Lei n.\u00ba 2004-575 de 21 de junho de 2004 sobre a confian\u00e7a na economia digital (LCEN), os utilizadores do s\u00edtio www.workflown8n.com s\u00e3o informados do presente aviso legal. 1 Informa\u00e7\u00f5es legais Nome da empresa: WorkFlows N8Sede social: 6 chemin Salvayre, 31140 Aucamville,...<\/p>","protected":false},"author":2,"featured_media":0,"parent":0,"menu_order":0,"comment_status":"closed","ping_status":"closed","template":"","meta":{"_kad_post_transparent":"","_kad_post_title":"","_kad_post_layout":"","_kad_post_sidebar_id":"","_kad_post_content_style":"","_kad_post_vertical_padding":"","_kad_post_feature":"","_kad_post_feature_position":"","_kad_post_header":false,"_kad_post_footer":false,"_kad_post_classname":"","footnotes":""},"class_list":["post-1223","page","type-page","status-publish","hentry"],"_links":{"self":[{"href":"https:\/\/workflown8n.com\/pt\/wp-json\/wp\/v2\/pages\/1223","targetHints":{"allow":["GET"]}}],"collection":[{"href":"https:\/\/workflown8n.com\/pt\/wp-json\/wp\/v2\/pages"}],"about":[{"href":"https:\/\/workflown8n.com\/pt\/wp-json\/wp\/v2\/types\/page"}],"author":[{"embeddable":true,"href":"https:\/\/workflown8n.com\/pt\/wp-json\/wp\/v2\/users\/2"}],"replies":[{"embeddable":true,"href":"https:\/\/workflown8n.com\/pt\/wp-json\/wp\/v2\/comments?post=1223"}],"version-history":[{"count":1,"href":"https:\/\/workflown8n.com\/pt\/wp-json\/wp\/v2\/pages\/1223\/revisions"}],"predecessor-version":[{"id":1224,"href":"https:\/\/workflown8n.com\/pt\/wp-json\/wp\/v2\/pages\/1223\/revisions\/1224"}],"wp:attachment":[{"href":"https:\/\/workflown8n.com\/pt\/wp-json\/wp\/v2\/media?parent=1223"}],"curies":[{"name":"wp","href":"https:\/\/api.w.org\/{rel}","templated":true}]}}