{"id":1090,"date":"2024-10-24T15:35:28","date_gmt":"2024-10-24T13:35:28","guid":{"rendered":"https:\/\/workflown8n.com\/about\/"},"modified":"2024-10-24T21:10:01","modified_gmt":"2024-10-24T19:10:01","slug":"sobre","status":"publish","type":"page","link":"https:\/\/workflown8n.com\/pt\/sobre\/","title":{"rendered":"Sobre o WorkFlows N8N"},"content":{"rendered":"<h3 class=\"wp-block-heading\">Quem somos n\u00f3s?<\/h3>\n\n\n\n<p>WorkFlows N8N \u00e9 uma loja online dedicada \u00e0 automatiza\u00e7\u00e3o de tarefas atrav\u00e9s de workflows personalizados para a plataforma N8N. A nossa miss\u00e3o \u00e9 simples: tornar a automatiza\u00e7\u00e3o acess\u00edvel a todos, fornecendo solu\u00e7\u00f5es prontas a utilizar que s\u00e3o eficientes e f\u00e1ceis de integrar nos seus projectos.<\/p>\n\n\n\n<h3 class=\"wp-block-heading\">A nossa experi\u00eancia<\/h3>\n\n\n\n<p>A nossa equipa \u00e9 composta por especialistas em automa\u00e7\u00e3o com um conhecimento profundo do N8N, uma plataforma de automa\u00e7\u00e3o de c\u00f3digo aberto em r\u00e1pido crescimento. Com base na nossa experi\u00eancia, desenvolvemos uma gama de fluxos de trabalho concebidos para simplificar e acelerar os processos empresariais numa variedade de dom\u00ednios.<\/p>\n\n\n\n<h3 class=\"wp-block-heading\">Porqu\u00ea escolher o WorkFlows N8N?<\/h3>\n\n\n\n<ul class=\"wp-block-list\">\n<li><strong>Fluxos de trabalho prontos a utilizar<\/strong> Oferecemos solu\u00e7\u00f5es pr\u00e1ticas e imediatamente operacionais para automatizar as suas tarefas.<\/li>\n\n\n\n<li><strong>Acesso imediato<\/strong> Ap\u00f3s a compra, receber\u00e1 uma liga\u00e7\u00e3o de transfer\u00eancia com acesso ilimitado.<\/li>\n\n\n\n<li><strong>Actualiza\u00e7\u00f5es regulares<\/strong> Os nossos fluxos de trabalho s\u00e3o actualizados em determinadas condi\u00e7\u00f5es, garantindo-lhe uma solu\u00e7\u00e3o sempre actualizada.<\/li>\n\n\n\n<li><strong>Pre\u00e7os transparentes<\/strong> : Os nossos pre\u00e7os incluem o IVA, sem taxas ocultas, para uma total transpar\u00eancia.<\/li>\n<\/ul>\n\n\n\n<h3 class=\"wp-block-heading\">Os nossos valores<\/h3>\n\n\n\n<ul class=\"wp-block-list\">\n<li><strong>Simplicidade<\/strong> Acreditamos que a automatiza\u00e7\u00e3o deve ser acess\u00edvel a todos, independentemente do seu n\u00edvel t\u00e9cnico. Os nossos fluxos de trabalho s\u00e3o concebidos para serem f\u00e1ceis de utilizar e integrar.<\/li>\n\n\n\n<li><strong>Fiabilidade<\/strong> As nossas solu\u00e7\u00f5es s\u00e3o testadas e optimizadas para garantir que funcionam corretamente numa variedade de contextos empresariais.<\/li>\n\n\n\n<li><strong>Inova\u00e7\u00e3o<\/strong> Mantemo-nos na vanguarda dos desenvolvimentos em N8N e actualizamos regularmente os nossos fluxos de trabalho para oferecer as melhores solu\u00e7\u00f5es aos nossos clientes.<\/li>\n<\/ul>\n\n\n\n<h3 class=\"wp-block-heading\">O nosso compromisso com a prote\u00e7\u00e3o de dados<\/h3>\n\n\n\n<p>Na WorkFlows N8N, a confidencialidade e a seguran\u00e7a dos dados dos nossos clientes s\u00e3o fundamentais. Utilizamos as informa\u00e7\u00f5es pessoais apenas para transac\u00e7\u00f5es e garantimos a sua elimina\u00e7\u00e3o mediante pedido.<\/p>\n\n\n\n<p><\/p>","protected":false},"excerpt":{"rendered":"<p>Quem somos WorkFlows N8N \u00e9 uma loja online dedicada \u00e0 automatiza\u00e7\u00e3o de tarefas atrav\u00e9s de workflows personalizados para a plataforma N8N. A nossa miss\u00e3o \u00e9 simples: tornar a automatiza\u00e7\u00e3o acess\u00edvel a todos, fornecendo solu\u00e7\u00f5es prontas a utilizar que s\u00e3o eficientes e f\u00e1ceis de integrar nos seus projectos. A nossa experi\u00eancia A nossa equipa \u00e9 constitu\u00edda por...<\/p>","protected":false},"author":2,"featured_media":1174,"parent":0,"menu_order":0,"comment_status":"closed","ping_status":"closed","template":"","meta":{"_kad_post_transparent":"","_kad_post_title":"default","_kad_post_layout":"default","_kad_post_sidebar_id":"","_kad_post_content_style":"default","_kad_post_vertical_padding":"default","_kad_post_feature":"","_kad_post_feature_position":"","_kad_post_header":false,"_kad_post_footer":false,"_kad_post_classname":"","footnotes":""},"class_list":["post-1090","page","type-page","status-publish","has-post-thumbnail","hentry"],"_links":{"self":[{"href":"https:\/\/workflown8n.com\/pt\/wp-json\/wp\/v2\/pages\/1090","targetHints":{"allow":["GET"]}}],"collection":[{"href":"https:\/\/workflown8n.com\/pt\/wp-json\/wp\/v2\/pages"}],"about":[{"href":"https:\/\/workflown8n.com\/pt\/wp-json\/wp\/v2\/types\/page"}],"author":[{"embeddable":true,"href":"https:\/\/workflown8n.com\/pt\/wp-json\/wp\/v2\/users\/2"}],"replies":[{"embeddable":true,"href":"https:\/\/workflown8n.com\/pt\/wp-json\/wp\/v2\/comments?post=1090"}],"version-history":[{"count":1,"href":"https:\/\/workflown8n.com\/pt\/wp-json\/wp\/v2\/pages\/1090\/revisions"}],"predecessor-version":[{"id":1264,"href":"https:\/\/workflown8n.com\/pt\/wp-json\/wp\/v2\/pages\/1090\/revisions\/1264"}],"wp:featuredmedia":[{"embeddable":true,"href":"https:\/\/workflown8n.com\/pt\/wp-json\/wp\/v2\/media\/1174"}],"wp:attachment":[{"href":"https:\/\/workflown8n.com\/pt\/wp-json\/wp\/v2\/media?parent=1090"}],"curies":[{"name":"wp","href":"https:\/\/api.w.org\/{rel}","templated":true}]}}