{"id":1090,"date":"2024-10-24T15:35:28","date_gmt":"2024-10-24T13:35:28","guid":{"rendered":"https:\/\/workflown8n.com\/about\/"},"modified":"2024-10-24T21:10:01","modified_gmt":"2024-10-24T19:10:01","slug":"about","status":"publish","type":"page","link":"https:\/\/workflown8n.com\/fr_ca\/about\/","title":{"rendered":"\u00c0 propos de WorkFlows N8N"},"content":{"rendered":"<h3 class=\"wp-block-heading\">Qui sommes-nous ?<\/h3>\n\n\n\n<p>WorkFlows N8N est une boutique en ligne d\u00e9di\u00e9e \u00e0 l\u2019automatisation des t\u00e2ches \u00e0 travers des workflows personnalis\u00e9s pour la plateforme N8N. Notre mission est simple : rendre l\u2019automatisation accessible \u00e0 tous en fournissant des solutions pr\u00eates \u00e0 l&#8217;emploi, efficaces, et faciles \u00e0 int\u00e9grer dans vos projets.<\/p>\n\n\n\n<h3 class=\"wp-block-heading\">Notre expertise<\/h3>\n\n\n\n<p>Notre \u00e9quipe est compos\u00e9e d&rsquo;experts en automatisation avec une connaissance approfondie de N8N, une plateforme d\u2019automatisation open-source en pleine expansion. Gr\u00e2ce \u00e0 notre exp\u00e9rience, nous avons d\u00e9velopp\u00e9 une gamme de workflows con\u00e7us pour simplifier et acc\u00e9l\u00e9rer les processus professionnels dans divers domaines.<\/p>\n\n\n\n<h3 class=\"wp-block-heading\">Pourquoi choisir WorkFlows N8N ?<\/h3>\n\n\n\n<ul class=\"wp-block-list\">\n<li><strong>Des workflows pr\u00eats \u00e0 l&#8217;emploi<\/strong> : Nous proposons des solutions pratiques et imm\u00e9diatement op\u00e9rationnelles pour automatiser vos t\u00e2ches.<\/li>\n\n\n\n<li><strong>Acc\u00e8s instantan\u00e9<\/strong> : Apr\u00e8s achat, recevez un lien de t\u00e9l\u00e9chargement avec un acc\u00e8s illimit\u00e9 dans le temps.<\/li>\n\n\n\n<li><strong>Mises \u00e0 jour r\u00e9guli\u00e8res<\/strong> : Nos workflows sont mis \u00e0 jour sous certaines conditions, vous garantissant une solution toujours \u00e0 jour.<\/li>\n\n\n\n<li><strong>Prix transparents<\/strong> : Nos tarifs sont affich\u00e9s TTC, sans frais cach\u00e9s, pour une totale transparence.<\/li>\n<\/ul>\n\n\n\n<h3 class=\"wp-block-heading\">Nos valeurs<\/h3>\n\n\n\n<ul class=\"wp-block-list\">\n<li><strong>Simplicit\u00e9<\/strong> : Nous croyons que l&rsquo;automatisation doit \u00eatre accessible \u00e0 tous, quel que soit le niveau technique. Nos workflows sont con\u00e7us pour \u00eatre faciles \u00e0 utiliser et \u00e0 int\u00e9grer.<\/li>\n\n\n\n<li><strong>Fiabilit\u00e9<\/strong> : Nos solutions sont test\u00e9es et optimis\u00e9es pour garantir leur bon fonctionnement dans divers contextes professionnels.<\/li>\n\n\n\n<li><strong>Innovation<\/strong> : Nous restons \u00e0 la pointe des \u00e9volutions de N8N et mettons r\u00e9guli\u00e8rement \u00e0 jour nos workflows pour offrir les meilleures solutions \u00e0 nos clients.<\/li>\n<\/ul>\n\n\n\n<h3 class=\"wp-block-heading\">Notre engagement envers la protection des donn\u00e9es<\/h3>\n\n\n\n<p>Chez WorkFlows N8N, la confidentialit\u00e9 et la s\u00e9curit\u00e9 des donn\u00e9es de nos clients sont primordiales. Nous utilisons les informations personnelles uniquement dans le cadre des transactions et assurons leur suppression sur simple demande.<\/p>\n\n\n\n<p><\/p>","protected":false},"excerpt":{"rendered":"<p>Qui sommes-nous ? WorkFlows N8N est une boutique en ligne d\u00e9di\u00e9e \u00e0 l\u2019automatisation des t\u00e2ches \u00e0 travers des workflows personnalis\u00e9s pour la plateforme N8N. Notre mission est simple : rendre l\u2019automatisation accessible \u00e0 tous en fournissant des solutions pr\u00eates \u00e0 l&#8217;emploi, efficaces, et faciles \u00e0 int\u00e9grer dans vos projets. Notre expertise Notre \u00e9quipe est compos\u00e9e&#8230;<\/p>","protected":false},"author":2,"featured_media":1174,"parent":0,"menu_order":0,"comment_status":"closed","ping_status":"closed","template":"","meta":{"_kad_post_transparent":"","_kad_post_title":"default","_kad_post_layout":"default","_kad_post_sidebar_id":"","_kad_post_content_style":"default","_kad_post_vertical_padding":"default","_kad_post_feature":"","_kad_post_feature_position":"","_kad_post_header":false,"_kad_post_footer":false,"_kad_post_classname":"","footnotes":""},"class_list":["post-1090","page","type-page","status-publish","has-post-thumbnail","hentry"],"_links":{"self":[{"href":"https:\/\/workflown8n.com\/fr_ca\/wp-json\/wp\/v2\/pages\/1090","targetHints":{"allow":["GET"]}}],"collection":[{"href":"https:\/\/workflown8n.com\/fr_ca\/wp-json\/wp\/v2\/pages"}],"about":[{"href":"https:\/\/workflown8n.com\/fr_ca\/wp-json\/wp\/v2\/types\/page"}],"author":[{"embeddable":true,"href":"https:\/\/workflown8n.com\/fr_ca\/wp-json\/wp\/v2\/users\/2"}],"replies":[{"embeddable":true,"href":"https:\/\/workflown8n.com\/fr_ca\/wp-json\/wp\/v2\/comments?post=1090"}],"version-history":[{"count":1,"href":"https:\/\/workflown8n.com\/fr_ca\/wp-json\/wp\/v2\/pages\/1090\/revisions"}],"predecessor-version":[{"id":1264,"href":"https:\/\/workflown8n.com\/fr_ca\/wp-json\/wp\/v2\/pages\/1090\/revisions\/1264"}],"wp:featuredmedia":[{"embeddable":true,"href":"https:\/\/workflown8n.com\/fr_ca\/wp-json\/wp\/v2\/media\/1174"}],"wp:attachment":[{"href":"https:\/\/workflown8n.com\/fr_ca\/wp-json\/wp\/v2\/media?parent=1090"}],"curies":[{"name":"wp","href":"https:\/\/api.w.org\/{rel}","templated":true}]}}