{"id":1223,"date":"2024-10-24T19:11:15","date_gmt":"2024-10-24T17:11:15","guid":{"rendered":"https:\/\/workflown8n.com\/?page_id=1223"},"modified":"2024-10-24T19:11:19","modified_gmt":"2024-10-24T17:11:19","slug":"mentions-legales","status":"publish","type":"page","link":"https:\/\/workflown8n.com\/fr\/mentions-legales\/","title":{"rendered":"Mentions L\u00e9gales"},"content":{"rendered":"<p><strong>Conform\u00e9ment aux dispositions des articles 6-III et 19 de la Loi n\u00b0 2004-575 du 21 juin 2004 pour la Confiance dans l&rsquo;\u00c9conomie Num\u00e9rique (LCEN), il est port\u00e9 \u00e0 la connaissance des utilisateurs du site <a href=\"https:\/\/workflown8n.com\/fr\/\">www.workflown8n.com<\/a> les pr\u00e9sentes mentions l\u00e9gales.<\/strong><\/p>\n\n\n\n<p><strong>1. Informations l\u00e9gales<\/strong><\/p>\n\n\n\n<p><strong>D\u00e9nomination de l&rsquo;entreprise<\/strong> : WorkFlows N8N<br><strong>Si\u00e8ge social<\/strong> : 6 chemin Salvayre, 31140 Aucamville, France<br><strong>Responsable de la publication<\/strong> : Jean-Fran\u00e7ois DUPIN<br><strong>Adresse e-mail<\/strong> : <a>web@workflown8n.com<\/a><br><strong>T\u00e9l\u00e9phone<\/strong> : 06 44 28 65 22<\/p>\n\n\n\n<p><strong>2. H\u00e9bergement<\/strong><\/p>\n\n\n\n<p>Le site internet <a href=\"https:\/\/workflown8n.com\/fr\/\">www.workflown8n.com<\/a> est h\u00e9berg\u00e9 par :<br><strong>O2Switch<\/strong><br>Soci\u00e9t\u00e9 O2Switch<br>222-224 Boulevard Gustave Flaubert, 63000 Clermont-Ferrand, France<br>T\u00e9l. : 04 44 44 60 40<br>Site web : <a href=\"http:\/\/www.o2switch.fr\" target=\"_blank\" rel=\"noopener\">www.o2switch.fr<\/a><\/p>\n\n\n\n<p><strong>3. Propri\u00e9t\u00e9 intellectuelle<\/strong><\/p>\n\n\n\n<p>L\u2019int\u00e9gralit\u00e9 du contenu pr\u00e9sent sur le site <a href=\"https:\/\/workflown8n.com\/fr\/\">www.workflown8n.com<\/a> (textes, images, graphismes, logos, vid\u00e9os, etc.) est la propri\u00e9t\u00e9 exclusive de WorkFlows N8N ou de ses partenaires. Toute reproduction, repr\u00e9sentation, modification, publication, adaptation, totale ou partielle des \u00e9l\u00e9ments du site, quel que soit le moyen ou le proc\u00e9d\u00e9 utilis\u00e9, est interdite sauf autorisation \u00e9crite pr\u00e9alable de WorkFlows N8N.<\/p>\n\n\n\n<p><strong>4. Protection des donn\u00e9es personnelles<\/strong><\/p>\n\n\n\n<p>WorkFlows N8N attache une grande importance \u00e0 la protection des donn\u00e9es personnelles des utilisateurs de son site. Les donn\u00e9es collect\u00e9es via le site <a href=\"https:\/\/workflown8n.com\/fr\/\">www.workflown8n.com<\/a> sont uniquement utilis\u00e9es pour le traitement des commandes. Conform\u00e9ment au RGPD (R\u00e8glement G\u00e9n\u00e9ral sur la Protection des Donn\u00e9es), les utilisateurs disposent d&rsquo;un droit d&rsquo;acc\u00e8s, de rectification, de suppression et d&rsquo;opposition \u00e0 leurs donn\u00e9es personnelles. Toute demande relative \u00e0 ces droits peut \u00eatre envoy\u00e9e par e-mail \u00e0 <strong><a>web@workflown8n.com<\/a><\/strong>.<\/p>\n\n\n\n<p><strong>5. Cookies<\/strong><\/p>\n\n\n\n<p>Le site <a href=\"https:\/\/workflown8n.com\/fr\/\">www.workflown8n.com<\/a> peut \u00eatre amen\u00e9 \u00e0 utiliser des cookies pour am\u00e9liorer l\u2019exp\u00e9rience utilisateur et collecter des donn\u00e9es statistiques. L\u2019utilisateur est inform\u00e9 qu&rsquo;il peut \u00e0 tout moment d\u00e9sactiver les cookies dans les param\u00e8tres de son navigateur.<\/p>\n\n\n\n<p><strong>6. Limitation de responsabilit\u00e9<\/strong><\/p>\n\n\n\n<p>WorkFlows N8N s\u2019efforce de fournir sur le site <a href=\"https:\/\/workflown8n.com\/fr\/\">www.workflown8n.com<\/a> des informations aussi pr\u00e9cises que possible. Toutefois, WorkFlows N8N ne pourra \u00eatre tenu responsable des omissions, inexactitudes et carences dans la mise \u00e0 jour, qu\u2019elles soient de son fait ou du fait des tiers partenaires qui lui fournissent ces informations.<br>Les utilisateurs du site <a href=\"https:\/\/workflown8n.com\/fr\/\">www.workflown8n.com<\/a> s\u2019engagent \u00e0 y acc\u00e9der en utilisant un mat\u00e9riel r\u00e9cent, ne contenant pas de virus, et avec un navigateur de derni\u00e8re g\u00e9n\u00e9ration mis \u00e0 jour.<\/p>\n\n\n\n<p><strong>7. Droit applicable et juridiction comp\u00e9tente<\/strong><\/p>\n\n\n\n<p>Les pr\u00e9sentes mentions l\u00e9gales sont r\u00e9gies par le droit fran\u00e7ais. En cas de litige et \u00e0 d\u00e9faut de r\u00e9solution amiable, le tribunal comp\u00e9tent sera celui de <strong>Toulouse<\/strong>.<\/p>\n\n\n\n<hr class=\"wp-block-separator has-alpha-channel-opacity\"\/>\n\n\n\n<p>Ces mentions l\u00e9gales couvrent l\u2019essentiel des obligations l\u00e9gales en France.<\/p>","protected":false},"excerpt":{"rendered":"<p>Conform\u00e9ment aux dispositions des articles 6-III et 19 de la Loi n\u00b0 2004-575 du 21 juin 2004 pour la Confiance dans l&rsquo;\u00c9conomie Num\u00e9rique (LCEN), il est port\u00e9 \u00e0 la connaissance des utilisateurs du site www.workflown8n.com les pr\u00e9sentes mentions l\u00e9gales. 1. Informations l\u00e9gales D\u00e9nomination de l&rsquo;entreprise : WorkFlows N8NSi\u00e8ge social : 6 chemin Salvayre, 31140 Aucamville,&#8230;<\/p>","protected":false},"author":2,"featured_media":0,"parent":0,"menu_order":0,"comment_status":"closed","ping_status":"closed","template":"","meta":{"_kad_post_transparent":"","_kad_post_title":"","_kad_post_layout":"","_kad_post_sidebar_id":"","_kad_post_content_style":"","_kad_post_vertical_padding":"","_kad_post_feature":"","_kad_post_feature_position":"","_kad_post_header":false,"_kad_post_footer":false,"_kad_post_classname":"","footnotes":""},"class_list":["post-1223","page","type-page","status-publish","hentry"],"_links":{"self":[{"href":"https:\/\/workflown8n.com\/fr\/wp-json\/wp\/v2\/pages\/1223","targetHints":{"allow":["GET"]}}],"collection":[{"href":"https:\/\/workflown8n.com\/fr\/wp-json\/wp\/v2\/pages"}],"about":[{"href":"https:\/\/workflown8n.com\/fr\/wp-json\/wp\/v2\/types\/page"}],"author":[{"embeddable":true,"href":"https:\/\/workflown8n.com\/fr\/wp-json\/wp\/v2\/users\/2"}],"replies":[{"embeddable":true,"href":"https:\/\/workflown8n.com\/fr\/wp-json\/wp\/v2\/comments?post=1223"}],"version-history":[{"count":1,"href":"https:\/\/workflown8n.com\/fr\/wp-json\/wp\/v2\/pages\/1223\/revisions"}],"predecessor-version":[{"id":1224,"href":"https:\/\/workflown8n.com\/fr\/wp-json\/wp\/v2\/pages\/1223\/revisions\/1224"}],"wp:attachment":[{"href":"https:\/\/workflown8n.com\/fr\/wp-json\/wp\/v2\/media?parent=1223"}],"curies":[{"name":"wp","href":"https:\/\/api.w.org\/{rel}","templated":true}]}}