{"id":1200,"date":"2024-10-24T16:46:29","date_gmt":"2024-10-24T14:46:29","guid":{"rendered":"https:\/\/workflown8n.com\/?post_type=product&#038;p=1200"},"modified":"2025-01-01T00:18:13","modified_gmt":"2024-12-31T23:18:13","slug":"rss-feed-to-telegram","status":"publish","type":"product","link":"https:\/\/workflown8n.com\/es\/rss-feed-to-telegram\/","title":{"rendered":"Canal RSS de Telegram"},"content":{"rendered":"<h3>Flujo de trabajo N8N: Env\u00edo autom\u00e1tico de feeds RSS a Telegram<\/h3>\n<p><strong>Simplifica tu gesti\u00f3n de contenidos automatizando el env\u00edo de feeds RSS a Telegram con N8N.<\/strong> Este flujo de trabajo pr\u00e1ctico y eficiente te permite distribuir instant\u00e1neamente tus noticias, art\u00edculos o actualizaciones en Telegram sin ning\u00fan esfuerzo manual. Tanto si eres un creador de contenidos, un profesional del marketing o un community manager, este flujo de trabajo transformar\u00e1 tu forma de gestionar y compartir tus noticias.<\/p>\n<h3>Caracter\u00edsticas principales<\/h3>\n<ul>\n<li><strong>Automatizaci\u00f3n en tiempo real<\/strong> Cada vez que se a\u00f1ade un nuevo elemento a tu feed RSS, se env\u00eda autom\u00e1ticamente a tu canal o grupo de Telegram.<\/li>\n<li><strong>F\u00e1cil integraci\u00f3n con N8N<\/strong> Sin necesidad de conocimientos t\u00e9cnicos avanzados, la intuitiva interfaz de N8N le permite configurar r\u00e1pidamente este flujo de trabajo.<\/li>\n<li><strong>Compatibilidad universal<\/strong> Este flujo de trabajo funciona con todos los canales RSS, lo que le permite gestionar una amplia gama de contenidos.<\/li>\n<li><strong>Notificaciones personalizables<\/strong> Modifica la configuraci\u00f3n para ajustar la informaci\u00f3n enviada a Telegram a tus necesidades.<\/li>\n<\/ul>\n<h3>C\u00f3mo funciona<\/h3>\n<p>Este flujo de trabajo se ha dise\u00f1ado para que sea f\u00e1cil de usar, incluso para quienes no tienen experiencia previa en automatizaci\u00f3n. Estos son los pasos para instalarlo:<\/p>\n<ol>\n<li><strong>Conecte su canal RSS a N8N<\/strong> Utilice el nodo \"Lectura de fuente RSS\" para recuperar la informaci\u00f3n m\u00e1s reciente de su fuente.<\/li>\n<li><strong>Crea una conexi\u00f3n con tu bot de Telegram<\/strong> Conecta tu bot a N8N usando el nodo de Telegram. Si a\u00fan no tienes un bot, puedes crear uno f\u00e1cilmente usando la API de Telegram.<\/li>\n<li><strong>Probar y activar el flujo de trabajo<\/strong> Una vez conectado, pruebe su flujo de trabajo para asegurarse de que todo funciona correctamente y, a continuaci\u00f3n, act\u00edvelo para una automatizaci\u00f3n completa.<\/li>\n<\/ol>\n<h3>Ventajas de utilizar N8N para la automatizaci\u00f3n<\/h3>\n<p>N8N es una herramienta de c\u00f3digo abierto que destaca sobre otras soluciones de automatizaci\u00f3n como Zapier por su flexibilidad y bajo coste. A continuaci\u00f3n te explicamos por qu\u00e9 elegir N8N para automatizar tus feeds RSS a Telegram es una excelente opci\u00f3n:<\/p>\n<ul>\n<li><strong>M\u00e1xima flexibilidad<\/strong> Gracias a su interfaz visual, puede crear flujos de trabajo complejos sin tocar el c\u00f3digo. Personalice cada paso del proceso para satisfacer sus necesidades espec\u00edficas.<\/li>\n<li><strong>Ahorro de costes<\/strong> A diferencia de las soluciones de pago, N8N es de c\u00f3digo abierto, por lo que puede utilizarlo gratuitamente y ahorrar en costes de automatizaci\u00f3n.<\/li>\n<li><strong>Amplia compatibilidad<\/strong> Adem\u00e1s de Telegram, N8N es compatible con multitud de aplicaciones y servicios, por lo que podr\u00e1s integrarlo con otras herramientas que ya utilices.<\/li>\n<\/ul>\n<h3>Casos pr\u00e1cticos<\/h3>\n<p>He aqu\u00ed algunos ejemplos en los que este flujo de trabajo puede marcar la diferencia en su gesti\u00f3n de contenidos:<\/p>\n<ul>\n<li><strong>Blogueros y creadores de contenidos<\/strong> Automatiza la distribuci\u00f3n de tus nuevos art\u00edculos o publicaciones directamente en tu canal de Telegram, aumentando tu visibilidad.<\/li>\n<li><strong>Gestores comunitarios<\/strong> Comparta las \u00faltimas noticias o anuncios con sus miembros sin tener que publicarlos manualmente.<\/li>\n<li><strong>Empresas<\/strong> Env\u00ede notificaciones instant\u00e1neas a sus clientes o socios en cuanto haya nueva informaci\u00f3n disponible sobre sus productos o servicios.<\/li>\n<\/ul>\n<h3>Ficha t\u00e9cnica<\/h3>\n<ul>\n<li><strong>Compatibilidad<\/strong> Este flujo de trabajo es compatible con todas las versiones de N8N y funciona en todas las plataformas soportadas por Telegram.<\/li>\n<li><strong>Requisitos previos<\/strong> Una cuenta de Telegram activa y un bot de Telegram configurado con un token v\u00e1lido.<\/li>\n<li><strong>Recursos<\/strong> Para m\u00e1s detalles sobre la configuraci\u00f3n del bot de Telegram, <a href=\"https:\/\/docs.n8n.io\/integrations\/builtin\/app-nodes\/n8n-nodes-base.telegram\/\" target=\"_blank\" rel=\"nofollow noopener\">consultar la documentaci\u00f3n oficial de Telegram<\/a>.<\/li>\n<\/ul>","protected":false},"excerpt":{"rendered":"<p><span style=\"text-decoration: underline\">Flujo de trabajo + instrucciones en PDF<\/span><\/p>","protected":false},"featured_media":1217,"comment_status":"open","ping_status":"closed","template":"","meta":{"_kad_post_transparent":"default","_kad_post_title":"","_kad_post_layout":"default","_kad_post_sidebar_id":"","_kad_post_content_style":"default","_kad_post_vertical_padding":"default","_kad_post_feature":"","_kad_post_feature_position":"","_kad_post_header":false,"_kad_post_footer":false,"_kad_post_classname":""},"product_brand":[],"product_cat":[24,25],"product_tag":[26,29,28,27],"class_list":{"0":"post-1200","1":"product","2":"type-product","3":"status-publish","4":"has-post-thumbnail","6":"product_cat-workflows-n8n-marketing","7":"product_cat-workflows-n8n-socials-network","8":"product_tag-flux-rss","9":"product_tag-marketing","10":"product_tag-reseaux-sociaux","11":"product_tag-telegram","13":"first","14":"instock","15":"downloadable","16":"virtual","17":"purchasable","18":"product-type-simple","19":"entry","20":"content-bg","21":"loop-entry"},"_links":{"self":[{"href":"https:\/\/workflown8n.com\/es\/wp-json\/wp\/v2\/product\/1200","targetHints":{"allow":["GET"]}}],"collection":[{"href":"https:\/\/workflown8n.com\/es\/wp-json\/wp\/v2\/product"}],"about":[{"href":"https:\/\/workflown8n.com\/es\/wp-json\/wp\/v2\/types\/product"}],"replies":[{"embeddable":true,"href":"https:\/\/workflown8n.com\/es\/wp-json\/wp\/v2\/comments?post=1200"}],"wp:featuredmedia":[{"embeddable":true,"href":"https:\/\/workflown8n.com\/es\/wp-json\/wp\/v2\/media\/1217"}],"wp:attachment":[{"href":"https:\/\/workflown8n.com\/es\/wp-json\/wp\/v2\/media?parent=1200"}],"wp:term":[{"taxonomy":"product_brand","embeddable":true,"href":"https:\/\/workflown8n.com\/es\/wp-json\/wp\/v2\/product_brand?post=1200"},{"taxonomy":"product_cat","embeddable":true,"href":"https:\/\/workflown8n.com\/es\/wp-json\/wp\/v2\/product_cat?post=1200"},{"taxonomy":"product_tag","embeddable":true,"href":"https:\/\/workflown8n.com\/es\/wp-json\/wp\/v2\/product_tag?post=1200"}],"curies":[{"name":"wp","href":"https:\/\/api.w.org\/{rel}","templated":true}]}}