{"id":1275,"date":"2024-10-24T21:31:13","date_gmt":"2024-10-24T19:31:13","guid":{"rendered":"https:\/\/workflown8n.com\/?page_id=1275"},"modified":"2024-10-24T21:32:17","modified_gmt":"2024-10-24T19:32:17","slug":"preguntas-frecuentes-sobre-los-flujos-de-trabajo-del-n8n","status":"publish","type":"page","link":"https:\/\/workflown8n.com\/es\/preguntas-frecuentes-sobre-los-flujos-de-trabajo-del-n8n\/","title":{"rendered":"Preguntas frecuentes sobre N8N"},"content":{"rendered":"<p>Bienvenido a la secci\u00f3n de preguntas frecuentes dedicada a los flujos de trabajo de N8N. Aqu\u00ed encontrar\u00e1 respuestas a las preguntas m\u00e1s frecuentes sobre el uso de N8N y sus funciones.<\/p>\n\n\n\n<hr class=\"wp-block-separator has-alpha-channel-opacity\"\/>\n\n\n\n<h3 class=\"wp-block-heading\">1. <strong>\u00bfQu\u00e9 es N8N?<\/strong><\/h3>\n\n\n\n<p><strong>Respuesta:<\/strong> N8N es una herramienta de automatizaci\u00f3n de flujos de trabajo de c\u00f3digo abierto que conecta diferentes aplicaciones y API para automatizar tareas repetitivas. Ofrece una interfaz visual para crear flujos de trabajo complejos sin necesidad de conocimientos de programaci\u00f3n.<\/p>\n\n\n\n<hr class=\"wp-block-separator has-alpha-channel-opacity\"\/>\n\n\n\n<h3 class=\"wp-block-heading\">2. <strong>\u00bfC\u00f3mo se instala N8N?<\/strong><\/h3>\n\n\n\n<p><strong>Respuesta:<\/strong> Hay varias formas de instalar N8N:<\/p>\n\n\n\n<ul class=\"wp-block-list\">\n<li><strong>Docker<\/strong> Utilice la imagen Docker oficial para una instalaci\u00f3n r\u00e1pida.<\/li>\n\n\n\n<li><strong>npm<\/strong> Instalar a trav\u00e9s de npm con el comando <code>npm install n8n -g<\/code>.<\/li>\n\n\n\n<li><strong>Nube<\/strong> Elija N8N Cloud para una soluci\u00f3n alojada sin gesti\u00f3n de servidor.<\/li>\n<\/ul>\n\n\n\n<p>Encontrar\u00e1 instrucciones detalladas en <a href=\"https:\/\/n8n.io\" target=\"_blank\" rel=\"noopener\">P\u00e1gina oficial de N8N<\/a>.<\/p>\n\n\n\n<hr class=\"wp-block-separator has-alpha-channel-opacity\"\/>\n\n\n\n<h3 class=\"wp-block-heading\">3. <strong>\u00bfQu\u00e9 tipos de flujos de trabajo puedo crear con N8N?<\/strong><\/h3>\n\n\n\n<p><strong>Respuesta:<\/strong> N8N te permite crear diversos flujos de trabajo, como :<\/p>\n\n\n\n<ul class=\"wp-block-list\">\n<li>Automatizaci\u00f3n del correo electr\u00f3nico<\/li>\n\n\n\n<li>Integraci\u00f3n de datos entre CRM y ERP<\/li>\n\n\n\n<li>Gesti\u00f3n de redes sociales<\/li>\n\n\n\n<li>Control y notificaciones<\/li>\n\n\n\n<li>Tratamiento y transformaci\u00f3n de datos<\/li>\n<\/ul>\n\n\n\n<p>Gracias a su flexibilidad, las posibilidades son pr\u00e1cticamente ilimitadas.<\/p>\n\n\n\n<hr class=\"wp-block-separator has-alpha-channel-opacity\"\/>\n\n\n\n<h3 class=\"wp-block-heading\">4. <strong>\u00bfEs gratis N8N?<\/strong><\/h3>\n\n\n\n<p><strong>Respuesta:<\/strong> S\u00ed, N8N es de c\u00f3digo abierto y de uso libre bajo la <a>Licencia de uso sostenible<\/a>. Sin embargo, existen opciones de pago por uso para funciones avanzadas y asistencia a trav\u00e9s de N8N Cloud.<\/p>\n\n\n\n<hr class=\"wp-block-separator has-alpha-channel-opacity\"\/>\n\n\n\n<h3 class=\"wp-block-heading\">5. <strong>\u00bfC\u00f3mo puedo proteger mis flujos de trabajo en N8N?<\/strong><\/h3>\n\n\n\n<p><strong>Respuesta:<\/strong> Para asegurar sus flujos de trabajo :<\/p>\n\n\n\n<ul class=\"wp-block-list\">\n<li>Activar la autenticaci\u00f3n de usuario.<\/li>\n\n\n\n<li>Utilice conexiones SSL para cifrar los datos en tr\u00e1nsito.<\/li>\n\n\n\n<li>Almacenar informaci\u00f3n sensible en variables de entorno.<\/li>\n\n\n\n<li>Actualice N8N regularmente para beneficiarse de los \u00faltimos parches de seguridad.<\/li>\n<\/ul>\n\n\n\n<hr class=\"wp-block-separator has-alpha-channel-opacity\"\/>\n\n\n\n<h3 class=\"wp-block-heading\">6. <strong>\u00bfC\u00f3mo se crea un nuevo flujo de trabajo?<\/strong><\/h3>\n\n\n\n<p><strong>Respuesta:<\/strong> Tras el lanzamiento de N8N :<\/p>\n\n\n\n<ol class=\"wp-block-list\">\n<li>Haga clic en <strong>\"Nuevo flujo de trabajo<\/strong>.<\/li>\n\n\n\n<li>Arrastre y suelte los nodos del panel izquierdo.<\/li>\n\n\n\n<li>Conecte los nodos para definir el flujo de datos.<\/li>\n\n\n\n<li>Configure cada nodo con los par\u00e1metros necesarios.<\/li>\n\n\n\n<li>Guarde y active el flujo de trabajo.<\/li>\n<\/ol>\n\n\n\n<hr class=\"wp-block-separator has-alpha-channel-opacity\"\/>\n\n\n\n<h3 class=\"wp-block-heading\">7. <strong>\u00bfPuedo integrar N8N con las aplicaciones m\u00e1s populares?<\/strong><\/h3>\n\n\n\n<p><strong>Respuesta:<\/strong> N8N ofrece m\u00e1s de 200 integraciones nativas. Si su aplicaci\u00f3n no aparece en la lista, puede utilizar la funci\u00f3n <strong>Solicitud HTTP<\/strong> o <strong>Gancho web<\/strong> para interactuar con cualquier API RESTful.<\/p>\n\n\n\n<hr class=\"wp-block-separator has-alpha-channel-opacity\"\/>\n\n\n\n<h3 class=\"wp-block-heading\">8. <strong>\u00bfCu\u00e1l es la diferencia entre N8N y otras herramientas como Zapier?<\/strong><\/h3>\n\n\n\n<p><strong>Respuesta:<\/strong><\/p>\n\n\n\n<ul class=\"wp-block-list\">\n<li><strong>C\u00f3digo abierto<\/strong> N8N es gratuito y puede modificarse.<\/li>\n\n\n\n<li><strong>Albergue<\/strong> Controle d\u00f3nde y c\u00f3mo se almacenan sus datos.<\/li>\n\n\n\n<li><strong>Flexibilidad<\/strong> Cree flujos de trabajo complejos con l\u00f3gica condicional.<\/li>\n\n\n\n<li><strong>Personalizaci\u00f3n<\/strong> A\u00f1ade tus propios nodos e integraciones.<\/li>\n<\/ul>\n\n\n\n<hr class=\"wp-block-separator has-alpha-channel-opacity\"\/>\n\n\n\n<h3 class=\"wp-block-heading\">9. <strong>\u00bfC\u00f3mo se depura un flujo de trabajo que no funciona?<\/strong><\/h3>\n\n\n\n<p><strong>Respuesta:<\/strong><\/p>\n\n\n\n<ul class=\"wp-block-list\">\n<li>Utilice la <strong>\" Ejecutar en modo paso a paso<\/strong> para probar cada nodo.<\/li>\n\n\n\n<li>Compruebe los mensajes de error que aparecen en los nodos problem\u00e1ticos.<\/li>\n\n\n\n<li>Compruebe los registros en la consola o los archivos de registro si es autoalojado.<\/li>\n<\/ul>\n\n\n\n<hr class=\"wp-block-separator has-alpha-channel-opacity\"\/>\n\n\n\n<h3 class=\"wp-block-heading\">10. <strong>\u00bfAdmite N8N disparadores en tiempo real?<\/strong><\/h3>\n\n\n\n<p><strong>Respuesta:<\/strong> S\u00ed, N8N admite disparos en tiempo real a trav\u00e9s de nodos <strong>Gancho web<\/strong>, <strong>AMQP<\/strong>, <strong>MQTT<\/strong>y otros. Esto permite que sus flujos de trabajo reaccionen inmediatamente a los acontecimientos.<\/p>\n\n\n\n<hr class=\"wp-block-separator has-alpha-channel-opacity\"\/>\n\n\n\n<h3 class=\"wp-block-heading\">11. <strong>\u00bfC\u00f3mo actualizo N8N a la \u00faltima versi\u00f3n?<\/strong><\/h3>\n\n\n\n<p><strong>Respuesta:<\/strong><\/p>\n\n\n\n<ul class=\"wp-block-list\">\n<li><strong>Docker<\/strong> Dispara la \u00faltima imagen con <code>docker pull n8nio\/n8n<\/code>.<\/li>\n\n\n\n<li><strong>npm<\/strong> Actualizar con <code>npm update n8n -g<\/code>.<\/li>\n\n\n\n<li><strong>Nube<\/strong> Las actualizaciones se gestionan autom\u00e1ticamente.<\/li>\n<\/ul>\n\n\n\n<p>Aseg\u00farate de hacer una copia de seguridad de tus flujos de trabajo antes de actualizarlos.<\/p>\n\n\n\n<hr class=\"wp-block-separator has-alpha-channel-opacity\"\/>\n\n\n\n<h3 class=\"wp-block-heading\">12. <strong>\u00bfD\u00f3nde puedo obtener m\u00e1s ayuda?<\/strong><\/h3>\n\n\n\n<p><strong>Respuesta:<\/strong><\/p>\n\n\n\n<ul class=\"wp-block-list\">\n<li><strong>Documentaci\u00f3n oficial<\/strong> : <a>docs.n8n.io<\/a><\/li>\n\n\n\n<li><strong>Comunidad<\/strong> : Participar en debates sobre la <a>foro comunitario<\/a><\/li>\n\n\n\n<li><strong>GitHub<\/strong> Consulte el c\u00f3digo fuente o informe de problemas en <a href=\"https:\/\/github.com\/n8n-io\/n8n\" target=\"_blank\" rel=\"noopener\">GitHub<\/a><\/li>\n<\/ul>","protected":false},"excerpt":{"rendered":"<p>Bienvenido a la secci\u00f3n de preguntas frecuentes dedicada a los flujos de trabajo de N8N. Aqu\u00ed encontrar\u00e1 respuestas a las preguntas m\u00e1s frecuentes sobre el uso y las funciones de N8N. 1. \u00bfQu\u00e9 es N8N? Respuesta: N8N es una herramienta de automatizaci\u00f3n de flujos de trabajo de c\u00f3digo abierto que conecta diferentes aplicaciones y API para automatizar tareas repetitivas. Es...<\/p>","protected":false},"author":2,"featured_media":0,"parent":0,"menu_order":0,"comment_status":"closed","ping_status":"closed","template":"","meta":{"_kad_post_transparent":"","_kad_post_title":"","_kad_post_layout":"","_kad_post_sidebar_id":"","_kad_post_content_style":"","_kad_post_vertical_padding":"","_kad_post_feature":"","_kad_post_feature_position":"","_kad_post_header":false,"_kad_post_footer":false,"_kad_post_classname":"","footnotes":""},"class_list":["post-1275","page","type-page","status-publish","hentry"],"_links":{"self":[{"href":"https:\/\/workflown8n.com\/es\/wp-json\/wp\/v2\/pages\/1275","targetHints":{"allow":["GET"]}}],"collection":[{"href":"https:\/\/workflown8n.com\/es\/wp-json\/wp\/v2\/pages"}],"about":[{"href":"https:\/\/workflown8n.com\/es\/wp-json\/wp\/v2\/types\/page"}],"author":[{"embeddable":true,"href":"https:\/\/workflown8n.com\/es\/wp-json\/wp\/v2\/users\/2"}],"replies":[{"embeddable":true,"href":"https:\/\/workflown8n.com\/es\/wp-json\/wp\/v2\/comments?post=1275"}],"version-history":[{"count":2,"href":"https:\/\/workflown8n.com\/es\/wp-json\/wp\/v2\/pages\/1275\/revisions"}],"predecessor-version":[{"id":1277,"href":"https:\/\/workflown8n.com\/es\/wp-json\/wp\/v2\/pages\/1275\/revisions\/1277"}],"wp:attachment":[{"href":"https:\/\/workflown8n.com\/es\/wp-json\/wp\/v2\/media?parent=1275"}],"curies":[{"name":"wp","href":"https:\/\/api.w.org\/{rel}","templated":true}]}}