{"id":1273,"date":"2024-10-24T21:27:51","date_gmt":"2024-10-24T19:27:51","guid":{"rendered":"https:\/\/workflown8n.com\/?page_id=1273"},"modified":"2024-10-24T21:27:55","modified_gmt":"2024-10-24T19:27:55","slug":"accesibilidad","status":"publish","type":"page","link":"https:\/\/workflown8n.com\/es\/accesibilidad\/","title":{"rendered":"Accesibilidad"},"content":{"rendered":"<p>En <strong>WorkFlows N8N<\/strong>Nos comprometemos a hacer nuestro sitio accesible a todos los usuarios, sean cuales sean sus capacidades o condiciones f\u00edsicas. Hacemos todo lo posible para garantizar que todos los visitantes puedan navegar f\u00e1cilmente por nuestro sitio y acceder a nuestros productos y servicios sin obst\u00e1culos.<\/p>\n\n\n\n<h3 class=\"wp-block-heading\">Nuestros compromisos de accesibilidad<\/h3>\n\n\n\n<ul class=\"wp-block-list\">\n<li><strong>Compatibilidad con lectores de pantalla<\/strong> Sitio web: garantizamos que nuestro sitio es totalmente compatible con tecnolog\u00edas de asistencia, como lectores de pantalla, para usuarios con problemas de visi\u00f3n o invidentes.<\/li>\n\n\n\n<li><strong>Navegaci\u00f3n simplificada<\/strong> Hemos establecido un sistema de navegaci\u00f3n claro e intuitivo para que los usuarios encuentren r\u00e1pidamente la informaci\u00f3n o el producto que buscan.<\/li>\n\n\n\n<li><strong>Accesibilidad mediante teclado<\/strong> Todos los elementos interactivos del sitio (botones, formularios, men\u00fas) son accesibles mediante el teclado, sin necesidad de rat\u00f3n.<\/li>\n\n\n\n<li><strong>Contraste de colores<\/strong> Los colores de nuestra web se han elegido para facilitar la lectura del texto, sobre todo a las personas con problemas de visi\u00f3n o daltonismo.<\/li>\n\n\n\n<li><strong>Texto alternativo para las im\u00e1genes<\/strong> Todas las im\u00e1genes importantes de nuestro sitio van acompa\u00f1adas de un texto alternativo (alt text) que describe su contenido, para que la informaci\u00f3n visual sea accesible a todo el mundo.<\/li>\n<\/ul>\n\n\n\n<h3 class=\"wp-block-heading\">Mejoras en curso<\/h3>\n\n\n\n<p>Trabajamos constantemente para mejorar la accesibilidad de nuestro sitio, teniendo en cuenta las opiniones de nuestros usuarios y los cambios en las normas de accesibilidad. Seguimos las recomendaciones de la <strong>Repositorio General para la Mejora de la Accesibilidad (RGAA)<\/strong> y las normas internacionales <strong>WCAG 2.1 (Pautas de Accesibilidad al Contenido en la Web)<\/strong>.<\/p>\n\n\n\n<h3 class=\"wp-block-heading\">Herramientas de ayuda<\/h3>\n\n\n\n<p>Aqu\u00ed tiene algunas herramientas de asistencia que pueden ayudarle a navegar por nuestro sitio:<\/p>\n\n\n\n<ul class=\"wp-block-list\">\n<li><strong>Software de lectura de pantalla<\/strong> Si tiene problemas de visi\u00f3n, puede utilizar programas de lectura de pantalla como NVDA o JAWS para navegar por nuestro sitio.<\/li>\n\n\n\n<li><strong>Ajustar las fuentes y el zoom<\/strong> Puedes ajustar el tama\u00f1o de los textos utilizando las funciones de zoom integradas en tu navegador para facilitar su lectura.<\/li>\n\n\n\n<li><strong>Navegaci\u00f3n con el teclado<\/strong> Utilice la <code>Pesta\u00f1a<\/code> para navegar por los distintos enlaces y botones de nuestro sitio, a continuaci\u00f3n <code>Entre en<\/code> para activarlos.<\/li>\n<\/ul>","protected":false},"excerpt":{"rendered":"<p>En WorkFlows N8N, nos comprometemos a hacer nuestro sitio accesible a todos los usuarios, sean cuales sean sus capacidades o condiciones f\u00edsicas. Hacemos todo lo posible para que cada visitante pueda navegar f\u00e1cilmente por nuestro sitio y acceder a nuestros productos y servicios sin ning\u00fan obst\u00e1culo. Nuestros compromisos de accesibilidad Mejoras continuas...<\/p>","protected":false},"author":2,"featured_media":0,"parent":0,"menu_order":0,"comment_status":"closed","ping_status":"closed","template":"","meta":{"_kad_post_transparent":"","_kad_post_title":"","_kad_post_layout":"","_kad_post_sidebar_id":"","_kad_post_content_style":"","_kad_post_vertical_padding":"","_kad_post_feature":"","_kad_post_feature_position":"","_kad_post_header":false,"_kad_post_footer":false,"_kad_post_classname":"","footnotes":""},"class_list":["post-1273","page","type-page","status-publish","hentry"],"_links":{"self":[{"href":"https:\/\/workflown8n.com\/es\/wp-json\/wp\/v2\/pages\/1273","targetHints":{"allow":["GET"]}}],"collection":[{"href":"https:\/\/workflown8n.com\/es\/wp-json\/wp\/v2\/pages"}],"about":[{"href":"https:\/\/workflown8n.com\/es\/wp-json\/wp\/v2\/types\/page"}],"author":[{"embeddable":true,"href":"https:\/\/workflown8n.com\/es\/wp-json\/wp\/v2\/users\/2"}],"replies":[{"embeddable":true,"href":"https:\/\/workflown8n.com\/es\/wp-json\/wp\/v2\/comments?post=1273"}],"version-history":[{"count":1,"href":"https:\/\/workflown8n.com\/es\/wp-json\/wp\/v2\/pages\/1273\/revisions"}],"predecessor-version":[{"id":1274,"href":"https:\/\/workflown8n.com\/es\/wp-json\/wp\/v2\/pages\/1273\/revisions\/1274"}],"wp:attachment":[{"href":"https:\/\/workflown8n.com\/es\/wp-json\/wp\/v2\/media?parent=1273"}],"curies":[{"name":"wp","href":"https:\/\/api.w.org\/{rel}","templated":true}]}}