{"id":1265,"date":"2024-10-24T21:03:48","date_gmt":"2024-10-24T19:03:48","guid":{"rendered":"https:\/\/workflown8n.com\/?page_id=1265"},"modified":"2024-10-24T21:03:52","modified_gmt":"2024-10-24T19:03:52","slug":"preguntas-frecuentes-faq","status":"publish","type":"page","link":"https:\/\/workflown8n.com\/es\/preguntas-frecuentes-faq\/","title":{"rendered":"Preguntas m\u00e1s frecuentes (FAQ)"},"content":{"rendered":"<h3 class=\"wp-block-heading\">1. \u00bfQu\u00e9 es un flujo de trabajo N8N?<\/h3>\n\n\n\n<p>Un flujo de trabajo N8N es un conjunto de automatizaciones dise\u00f1adas para realizar tareas espec\u00edficas de forma autom\u00e1tica, conectando varias aplicaciones entre s\u00ed. Esto simplifica y acelera los procesos, ya sean de gesti\u00f3n de proyectos, marketing o an\u00e1lisis de datos. Nuestros flujos de trabajo est\u00e1n listos para usar y son f\u00e1ciles de personalizar seg\u00fan sus necesidades.<\/p>\n\n\n\n<h3 class=\"wp-block-heading\">2. \u00bfC\u00f3mo puedo comprar un flujo de trabajo en WorkFlows N8N?<\/h3>\n\n\n\n<p>Es muy f\u00e1cil. S\u00f3lo tiene que navegar por nuestro cat\u00e1logo, seleccionar el flujo de trabajo que le interese y completar la compra utilizando uno de nuestros m\u00e9todos de pago disponibles (tarjeta de cr\u00e9dito, PayPal). Una vez confirmado el pago, recibir\u00e1 un enlace de descarga para acceder al flujo de trabajo.<\/p>\n\n\n\n<h3 class=\"wp-block-heading\">3. \u00bfC\u00f3mo puedo descargar mi flujo de trabajo despu\u00e9s de la compra?<\/h3>\n\n\n\n<p>Una vez que haya finalizado su pedido y confirmado el pago, se le enviar\u00e1 un correo electr\u00f3nico con un enlace de descarga. Este enlace es <strong>ilimitado en el tiempo<\/strong> y te permite descargar tu flujo de trabajo tantas veces como quieras.<\/p>\n\n\n\n<h3 class=\"wp-block-heading\">4. \u00bfPuedo obtener asistencia despu\u00e9s de comprar un flujo de trabajo?<\/h3>\n\n\n\n<p>Nuestros flujos de trabajo se venden sin asistencia t\u00e9cnica. No obstante, actualizamos nuestros flujos de trabajo en determinadas condiciones, para garantizar su correcto funcionamiento a largo plazo. Si tiene alguna pregunta antes de comprar, no dude en ponerse en contacto con nosotros.<\/p>\n\n\n\n<h3 class=\"wp-block-heading\">5. \u00bfCu\u00e1les son las condiciones para actualizar los flujos de trabajo?<\/h3>\n\n\n\n<p>Las actualizaciones se ofrecen para garantizar la compatibilidad de los flujos de trabajo con las nuevas versiones de N8N o para integrar mejoras funcionales. Si hay una actualizaci\u00f3n disponible para un flujo de trabajo que haya adquirido, se le informar\u00e1 por correo electr\u00f3nico y podr\u00e1 acceder a la versi\u00f3n actualizada a trav\u00e9s del mismo enlace de descarga.<\/p>\n\n\n\n<h3 class=\"wp-block-heading\">6. \u00bfCu\u00e1nto cuestan los flujos de trabajo N8N en su sitio?<\/h3>\n\n\n\n<p>Se muestran todos nuestros flujos de trabajo <strong>IVA INCLUIDO<\/strong> (impuestos incluidos), y los precios var\u00edan en funci\u00f3n de la complejidad del flujo de trabajo. Consulte la p\u00e1gina del producto para conocer el precio exacto de cada flujo de trabajo. Sin sorpresas, nuestros precios son transparentes e incluyen todos los impuestos aplicables.<\/p>\n\n\n\n<h3 class=\"wp-block-heading\">7. \u00bfPuedo utilizar flujos de trabajo para varios proyectos o clientes?<\/h3>\n\n\n\n<p>Nuestros flujos de trabajo se suministran con una licencia <strong>estrictamente personal<\/strong>Esto significa que s\u00f3lo pueden ser utilizados por el comprador. Cualquier redistribuci\u00f3n, reventa o uso compartido est\u00e1 estrictamente prohibido. Si necesita utilizar nuestros flujos de trabajo para varios proyectos o clientes, p\u00f3ngase en contacto con nosotros para conocer las condiciones espec\u00edficas.<\/p>\n\n\n\n<h3 class=\"wp-block-heading\">8. \u00bfTengo derecho de desistimiento?<\/h3>\n\n\n\n<p>Debido a la naturaleza desmaterializada de nuestros productos (contenidos digitales), de conformidad con el art\u00edculo L221-28 del C\u00f3digo de Consumo franc\u00e9s, el Comprador renuncia expresamente a su derecho de desistimiento una vez validado el pedido y activado el enlace de descarga.<\/p>\n\n\n\n<h3 class=\"wp-block-heading\">9. \u00bfC\u00f3mo se procesan mis datos personales?<\/h3>\n\n\n\n<p>Sus datos personales s\u00f3lo se utilizan para tramitar su pedido (pago, entrega del enlace de descarga). S\u00f3lo conservamos sus datos durante el tiempo necesario para tramitar su pedido, y pueden borrarse en cualquier momento previa solicitud poni\u00e9ndose en contacto con nosotros en la direcci\u00f3n <strong><a>web@workflown8n.com<\/a><\/strong>.<\/p>\n\n\n\n<h3 class=\"wp-block-heading\">10. \u00bfQu\u00e9 debo hacer si tengo un problema con un flujo de trabajo descargado?<\/h3>\n\n\n\n<p>Si encuentra un problema t\u00e9cnico con un flujo de trabajo despu\u00e9s de descargarlo, compruebe primero que est\u00e1 utilizando la \u00faltima versi\u00f3n de N8N. Si el problema persiste, puede ponerse en contacto con nosotros para comunicarnos la incidencia. Aunque no ofrecemos asistencia, le mantendremos informado si hay disponible una actualizaci\u00f3n para corregir el problema.<\/p>","protected":false},"excerpt":{"rendered":"<p>1. \u00bfQu\u00e9 es un flujo de trabajo N8N? Un flujo de trabajo N8N es un conjunto de automatizaciones dise\u00f1adas para realizar tareas espec\u00edficas de forma autom\u00e1tica, conectando varias aplicaciones entre s\u00ed. Esto simplifica y acelera los procesos, ya sean de gesti\u00f3n de proyectos, marketing o an\u00e1lisis de datos. Nuestros flujos de trabajo est\u00e1n listos para...<\/p>","protected":false},"author":2,"featured_media":0,"parent":0,"menu_order":0,"comment_status":"closed","ping_status":"closed","template":"","meta":{"_kad_post_transparent":"","_kad_post_title":"","_kad_post_layout":"","_kad_post_sidebar_id":"","_kad_post_content_style":"","_kad_post_vertical_padding":"","_kad_post_feature":"","_kad_post_feature_position":"","_kad_post_header":false,"_kad_post_footer":false,"_kad_post_classname":"","footnotes":""},"class_list":["post-1265","page","type-page","status-publish","hentry"],"_links":{"self":[{"href":"https:\/\/workflown8n.com\/es\/wp-json\/wp\/v2\/pages\/1265","targetHints":{"allow":["GET"]}}],"collection":[{"href":"https:\/\/workflown8n.com\/es\/wp-json\/wp\/v2\/pages"}],"about":[{"href":"https:\/\/workflown8n.com\/es\/wp-json\/wp\/v2\/types\/page"}],"author":[{"embeddable":true,"href":"https:\/\/workflown8n.com\/es\/wp-json\/wp\/v2\/users\/2"}],"replies":[{"embeddable":true,"href":"https:\/\/workflown8n.com\/es\/wp-json\/wp\/v2\/comments?post=1265"}],"version-history":[{"count":1,"href":"https:\/\/workflown8n.com\/es\/wp-json\/wp\/v2\/pages\/1265\/revisions"}],"predecessor-version":[{"id":1266,"href":"https:\/\/workflown8n.com\/es\/wp-json\/wp\/v2\/pages\/1265\/revisions\/1266"}],"wp:attachment":[{"href":"https:\/\/workflown8n.com\/es\/wp-json\/wp\/v2\/media?parent=1265"}],"curies":[{"name":"wp","href":"https:\/\/api.w.org\/{rel}","templated":true}]}}