{"id":1223,"date":"2024-10-24T19:11:15","date_gmt":"2024-10-24T17:11:15","guid":{"rendered":"https:\/\/workflown8n.com\/?page_id=1223"},"modified":"2024-10-24T19:11:19","modified_gmt":"2024-10-24T17:11:19","slug":"informacion-legal","status":"publish","type":"page","link":"https:\/\/workflown8n.com\/es\/informacion-legal\/","title":{"rendered":"Informaci\u00f3n jur\u00eddica"},"content":{"rendered":"<p><strong>De conformidad con lo dispuesto en los art\u00edculos 6-III y 19 de la Ley n\u00ba 2004-575 de 21 de junio de 2004 sobre la confianza en la econom\u00eda digital (LCEN), se informa a los usuarios del sitio de que <a href=\"https:\/\/workflown8n.com\/es\/\">www.workflown8n.com<\/a> el presente aviso legal.<\/strong><\/p>\n\n\n\n<p><strong>1. 1. Informaci\u00f3n jur\u00eddica<\/strong><\/p>\n\n\n\n<p><strong>Nombre de la empresa<\/strong> : Flujos de trabajo N8N<br><strong>Sede central<\/strong> 6 chemin Salvayre, 31140 Aucamville, Francia<br><strong>Persona responsable de la publicaci\u00f3n<\/strong> Jean-Fran\u00e7ois DUPIN<br><strong>Correo electr\u00f3nico<\/strong> : <a>web@workflown8n.com<\/a><br><strong>Tel\u00e9fono<\/strong> : 06 44 28 65 22<\/p>\n\n\n\n<p><strong>2. Alojamiento<\/strong><\/p>\n\n\n\n<p>El sitio web <a href=\"https:\/\/workflown8n.com\/es\/\">www.workflown8n.com<\/a> est\u00e1 alojado en :<br><strong>O2Switch<\/strong><br>Empresa O2Switch<br>222-224 Boulevard Gustave Flaubert, 63000 Clermont-Ferrand, Francia<br>Tel\u00e9fono: 04 44 44 60 40<br>P\u00e1gina web : <a href=\"http:\/\/www.o2switch.fr\" target=\"_blank\" rel=\"noopener\">www.o2switch.fr<\/a><\/p>\n\n\n\n<p><strong>3. Derechos de propiedad intelectual<\/strong><\/p>\n\n\n\n<p>Todo el contenido del sitio <a href=\"https:\/\/workflown8n.com\/es\/\">www.workflown8n.com<\/a> (textos, im\u00e1genes, gr\u00e1ficos, logotipos, v\u00eddeos, etc.) es propiedad exclusiva de WorkFlows N8N o de sus socios. Cualquier reproducci\u00f3n, representaci\u00f3n, modificaci\u00f3n, publicaci\u00f3n, adaptaci\u00f3n, total o parcial, de los elementos del sitio, cualesquiera que sean los medios o procedimientos utilizados, est\u00e1 prohibida sin la autorizaci\u00f3n previa por escrito de WorkFlows N8N.<\/p>\n\n\n\n<p><strong>4. Protecci\u00f3n de datos personales<\/strong><\/p>\n\n\n\n<p>WorkFlows N8N concede gran importancia a la protecci\u00f3n de los datos personales de los usuarios de su sitio. Datos recogidos a trav\u00e9s del sitio <a href=\"https:\/\/workflown8n.com\/es\/\">www.workflown8n.com<\/a> s\u00f3lo se utilizan para tramitar los pedidos. De conformidad con el RGPD (Reglamento General de Protecci\u00f3n de Datos), los usuarios tienen derecho a acceder, rectificar, suprimir y oponerse a sus datos personales. Cualquier solicitud relativa a estos derechos puede enviarse por correo electr\u00f3nico a <strong><a>web@workflown8n.com<\/a><\/strong>.<\/p>\n\n\n\n<p><strong>5. Cookies<\/strong><\/p>\n\n\n\n<p>El sitio web <a href=\"https:\/\/workflown8n.com\/es\/\">www.workflown8n.com<\/a> puede utilizar cookies para mejorar la experiencia del usuario y recopilar datos estad\u00edsticos. Se informa a los usuarios de que pueden desactivar las cookies en cualquier momento en la configuraci\u00f3n de su navegador.<\/p>\n\n\n\n<p><strong>6. Limitaci\u00f3n de responsabilidad<\/strong><\/p>\n\n\n\n<p>WorkFlows N8N se esfuerza por ofrecer la siguiente informaci\u00f3n en su sitio web <a href=\"https:\/\/workflown8n.com\/es\/\">www.workflown8n.com<\/a> informaci\u00f3n lo m\u00e1s exacta posible. Sin embargo, WorkFlows N8N no se hace responsable de las omisiones, inexactitudes o fallos en la actualizaci\u00f3n de la informaci\u00f3n, ya sean causados por WorkFlows N8N o por terceros asociados que suministren dicha informaci\u00f3n a WorkFlows N8N.<br>Usuarios del sitio <a href=\"https:\/\/workflown8n.com\/es\/\">www.workflown8n.com<\/a> comprometerse a acceder al sitio utilizando equipos recientes, libres de virus y con navegadores actualizados de \u00faltima generaci\u00f3n.<\/p>\n\n\n\n<p><strong>7. Legislaci\u00f3n y jurisdicci\u00f3n aplicables<\/strong><\/p>\n\n\n\n<p>El presente aviso legal se rige por la legislaci\u00f3n francesa. En caso de litigio y a falta de soluci\u00f3n amistosa, el tribunal competente ser\u00e1 el de <strong>Toulouse<\/strong>.<\/p>\n\n\n\n<hr class=\"wp-block-separator has-alpha-channel-opacity\"\/>\n\n\n\n<p>Estos avisos legales cubren la mayor\u00eda de las obligaciones legales en Francia.<\/p>","protected":false},"excerpt":{"rendered":"<p>De conformidad con lo dispuesto en los art\u00edculos 6-III y 19 de la Ley n\u00ba 2004-575 de 21 de junio de 2004 sobre la confianza en la econom\u00eda digital (LCEN), se informa a los usuarios del sitio web www.workflown8n.com del presente aviso legal. 1 Informaci\u00f3n legal Raz\u00f3n social: WorkFlows N8Sede social: 6 chemin Salvayre, 31140 Aucamville,...<\/p>","protected":false},"author":2,"featured_media":0,"parent":0,"menu_order":0,"comment_status":"closed","ping_status":"closed","template":"","meta":{"_kad_post_transparent":"","_kad_post_title":"","_kad_post_layout":"","_kad_post_sidebar_id":"","_kad_post_content_style":"","_kad_post_vertical_padding":"","_kad_post_feature":"","_kad_post_feature_position":"","_kad_post_header":false,"_kad_post_footer":false,"_kad_post_classname":"","footnotes":""},"class_list":["post-1223","page","type-page","status-publish","hentry"],"_links":{"self":[{"href":"https:\/\/workflown8n.com\/es\/wp-json\/wp\/v2\/pages\/1223","targetHints":{"allow":["GET"]}}],"collection":[{"href":"https:\/\/workflown8n.com\/es\/wp-json\/wp\/v2\/pages"}],"about":[{"href":"https:\/\/workflown8n.com\/es\/wp-json\/wp\/v2\/types\/page"}],"author":[{"embeddable":true,"href":"https:\/\/workflown8n.com\/es\/wp-json\/wp\/v2\/users\/2"}],"replies":[{"embeddable":true,"href":"https:\/\/workflown8n.com\/es\/wp-json\/wp\/v2\/comments?post=1223"}],"version-history":[{"count":1,"href":"https:\/\/workflown8n.com\/es\/wp-json\/wp\/v2\/pages\/1223\/revisions"}],"predecessor-version":[{"id":1224,"href":"https:\/\/workflown8n.com\/es\/wp-json\/wp\/v2\/pages\/1223\/revisions\/1224"}],"wp:attachment":[{"href":"https:\/\/workflown8n.com\/es\/wp-json\/wp\/v2\/media?parent=1223"}],"curies":[{"name":"wp","href":"https:\/\/api.w.org\/{rel}","templated":true}]}}