{"id":1090,"date":"2024-10-24T15:35:28","date_gmt":"2024-10-24T13:35:28","guid":{"rendered":"https:\/\/workflown8n.com\/about\/"},"modified":"2024-10-24T21:10:01","modified_gmt":"2024-10-24T19:10:01","slug":"acerca-de","status":"publish","type":"page","link":"https:\/\/workflown8n.com\/es\/acerca-de\/","title":{"rendered":"Acerca de WorkFlows N8N"},"content":{"rendered":"<h3 class=\"wp-block-heading\">\u00bfQui\u00e9nes somos?<\/h3>\n\n\n\n<p>WorkFlows N8N es una tienda online dedicada a la automatizaci\u00f3n de tareas mediante flujos de trabajo personalizados para la plataforma N8N. Nuestra misi\u00f3n es sencilla: poner la automatizaci\u00f3n al alcance de todos proporcionando soluciones listas para usar, eficaces y f\u00e1ciles de integrar en sus proyectos.<\/p>\n\n\n\n<h3 class=\"wp-block-heading\">Nuestra experiencia<\/h3>\n\n\n\n<p>Nuestro equipo est\u00e1 formado por expertos en automatizaci\u00f3n con un profundo conocimiento de N8N, una plataforma de automatizaci\u00f3n de c\u00f3digo abierto de r\u00e1pido crecimiento. Gracias a nuestra experiencia, hemos desarrollado una serie de flujos de trabajo dise\u00f1ados para simplificar y acelerar los procesos empresariales en diversos campos.<\/p>\n\n\n\n<h3 class=\"wp-block-heading\">\u00bfPor qu\u00e9 elegir WorkFlows N8N?<\/h3>\n\n\n\n<ul class=\"wp-block-list\">\n<li><strong>Flujos de trabajo listos para usar<\/strong> : Ofrecemos soluciones pr\u00e1cticas y de funcionamiento inmediato para automatizar sus tareas.<\/li>\n\n\n\n<li><strong>Acceso instant\u00e1neo<\/strong> Tras la compra, recibir\u00e1 un enlace de descarga con acceso ilimitado.<\/li>\n\n\n\n<li><strong>Actualizaciones peri\u00f3dicas<\/strong> : Nuestros flujos de trabajo se actualizan en determinadas condiciones, lo que le garantiza una soluci\u00f3n siempre al d\u00eda.<\/li>\n\n\n\n<li><strong>Precios transparentes<\/strong> Nuestros precios incluyen el IVA, sin cargos ocultos, para una total transparencia.<\/li>\n<\/ul>\n\n\n\n<h3 class=\"wp-block-heading\">Nuestros valores<\/h3>\n\n\n\n<ul class=\"wp-block-list\">\n<li><strong>Simplicidad<\/strong> Creemos que la automatizaci\u00f3n debe ser accesible a todo el mundo, sea cual sea su nivel t\u00e9cnico. Nuestros flujos de trabajo est\u00e1n dise\u00f1ados para que sean f\u00e1ciles de usar e integrar.<\/li>\n\n\n\n<li><strong>Fiabilidad<\/strong> Nuestras soluciones se prueban y optimizan para garantizar su correcto funcionamiento en diversos contextos empresariales.<\/li>\n\n\n\n<li><strong>Innovaci\u00f3n<\/strong> Seguimos a la vanguardia de los avances en N8N y actualizamos peri\u00f3dicamente nuestros flujos de trabajo para ofrecer las mejores soluciones a nuestros clientes.<\/li>\n<\/ul>\n\n\n\n<h3 class=\"wp-block-heading\">Nuestro compromiso con la protecci\u00f3n de datos<\/h3>\n\n\n\n<p>En WorkFlows N8N, la confidencialidad y seguridad de los datos de nuestros clientes es primordial. Utilizamos la informaci\u00f3n personal solo para transacciones y nos aseguramos de que se elimine cuando se solicite.<\/p>\n\n\n\n<p><\/p>","protected":false},"excerpt":{"rendered":"<p>Qui\u00e9nes somos WorkFlows N8N es una tienda online dedicada a la automatizaci\u00f3n de tareas mediante flujos de trabajo personalizados para la plataforma N8N. Nuestra misi\u00f3n es sencilla: poner la automatizaci\u00f3n al alcance de todos, proporcionando soluciones listas para usar, eficaces y f\u00e1ciles de integrar en sus proyectos. Nuestra experiencia Nuestro equipo est\u00e1 formado por...<\/p>","protected":false},"author":2,"featured_media":1174,"parent":0,"menu_order":0,"comment_status":"closed","ping_status":"closed","template":"","meta":{"_kad_post_transparent":"","_kad_post_title":"default","_kad_post_layout":"default","_kad_post_sidebar_id":"","_kad_post_content_style":"default","_kad_post_vertical_padding":"default","_kad_post_feature":"","_kad_post_feature_position":"","_kad_post_header":false,"_kad_post_footer":false,"_kad_post_classname":"","footnotes":""},"class_list":["post-1090","page","type-page","status-publish","has-post-thumbnail","hentry"],"_links":{"self":[{"href":"https:\/\/workflown8n.com\/es\/wp-json\/wp\/v2\/pages\/1090","targetHints":{"allow":["GET"]}}],"collection":[{"href":"https:\/\/workflown8n.com\/es\/wp-json\/wp\/v2\/pages"}],"about":[{"href":"https:\/\/workflown8n.com\/es\/wp-json\/wp\/v2\/types\/page"}],"author":[{"embeddable":true,"href":"https:\/\/workflown8n.com\/es\/wp-json\/wp\/v2\/users\/2"}],"replies":[{"embeddable":true,"href":"https:\/\/workflown8n.com\/es\/wp-json\/wp\/v2\/comments?post=1090"}],"version-history":[{"count":1,"href":"https:\/\/workflown8n.com\/es\/wp-json\/wp\/v2\/pages\/1090\/revisions"}],"predecessor-version":[{"id":1264,"href":"https:\/\/workflown8n.com\/es\/wp-json\/wp\/v2\/pages\/1090\/revisions\/1264"}],"wp:featuredmedia":[{"embeddable":true,"href":"https:\/\/workflown8n.com\/es\/wp-json\/wp\/v2\/media\/1174"}],"wp:attachment":[{"href":"https:\/\/workflown8n.com\/es\/wp-json\/wp\/v2\/media?parent=1090"}],"curies":[{"name":"wp","href":"https:\/\/api.w.org\/{rel}","templated":true}]}}